{"id":19,"date":"2023-11-30T17:54:02","date_gmt":"2023-11-30T17:54:02","guid":{"rendered":"https:\/\/gradinileromane.ro\/?page_id=19"},"modified":"2024-01-30T10:36:59","modified_gmt":"2024-01-30T10:36:59","slug":"politica-de-confidentialitate","status":"publish","type":"page","link":"https:\/\/gradinileromane.ro\/en\/politica-de-confidentialitate\/","title":{"rendered":"Privacy policy"},"content":{"rendered":"<section class=\"container mb-10\" data-aos=\"fade-up\">\r\n    <div class=\"h-[300px] flex justify-center items-center relative overflow-hidden rounded-3xl lg:h-[400px] xl:h-[500px]\">\r\n\t\t<div class=\"relative p-10 z-10\" data-aos=\"fade-up\" data-aos-duration=\"2000\">\r\n\t\t\t<span class=\"text-xs text-primary font-medium tracking-widest uppercase flex justify-center mb-1 md:mb-3\">gr\u0103dinile rom\u00e2ne<\/span>\r\n\t\t\t<h1 class=\"max-w-md text-4xl text-slate-200 font-kalnia tracking-tight text-center mx-auto mb-2.5 md:max-w-lg md:text-6xl md:mb-5 xl:max-w-xl xl:text-7xl\">politica de confiden\u021bialitate<\/h1>\r\n\t\t\t<p class=\"max-w-xs text-slate-300 text-center mx-auto md:max-w-lg xl:max-w-xl xl:text-lg\">Aceast\u0103 pagin\u0103 descrie informa\u021biile pe care modulele le colecteaz\u0103, precum \u0219i scopul acestui proces.<\/p>\r\n\t\t<\/div>\r\n        <video class=\"video-background w-full h-full absolute top-0 left-0 -z-50\" loop no-controls muted autoplay src=\"https:\/\/gradinileromane.ro\/new\/wp-content\/uploads\/acasa.mp4\" poster=\"\"><\/video>\r\n        <div class=\"w-full h-full bg-gradient-to-t from-[#001b26] via-[#001b26]\/80 absolute left-0 bottom-0 rounded-2xl\"><\/div>\r\n    <\/div>\r\n<\/section>\r\n\r\n<section class=\"container\" data-aos=\"fade-up\">\r\n\t<div class=\"flex flex-col space-y-10 xl:flex-row xl:space-x-10 xl:space-y-0\">\r\n\t\t<div class=\"w-full bg-black\/20 p-7 rounded-2xl sm:p-10\">\r\n\t\t\t<span class=\"text-xs text-primary font-medium tracking-widest uppercase flex mb-1\">ce sunt cookie-urile?<\/span>\r\n\t\t\t<h3 class=\"text-2xl text-slate-200 leading-7 mb-2.5 sm:text-3xl sm:leading-8 sm:mb-3\">Privacy policy<\/h3>\r\n\t\t\t<p class=\"mb-10\">A\u0219a cum este practica obi\u0219nuit\u0103 \u00een acest domeniu, site-ul nostru utilizeaz\u0103 module cookie, care constau \u00een fi\u0219iere mici ce sunt desc\u0103rcate \u00een mod automat direct pe computer, cu scopul de a v\u0103 \u00eembun\u0103t\u0103\u021bi experien\u021ba. De asemenea, pute\u021bi afla cum pute\u021bi \u00eempiedica stocarea acestor cookie-uri. Este necesar s\u0103 \u0219ti\u021bi c\u0103 acest proces, odat\u0103 blocat chiar de c\u0103tre dumneavoastr\u0103, poate duce la afectarea calit\u0103\u021bii \u0219i func\u021bionalit\u0103\u021bii site-urilor. Pentru mai multe informa\u021bii generale despre modulele cookie, consulta\u021bi articolul Wikipedia despre cookie-urile HTTP.<\/p>\r\n\t\t\t<span class=\"text-xs text-primary font-medium tracking-widest uppercase flex mb-1.5\">cum folosim cookie-urile?<\/span>\r\n\t\t\t<p class=\"mb-10\">Din p\u0103cate, \u00een majoritatea cazurilor, nu exist\u0103 op\u021biuni standard pentru dezactivarea cookie-urilor f\u0103r\u0103 a dezactiva complet func\u021bionalit\u0103\u021bile \u0219i func\u021biile pe care le adaug\u0103 pe acest site. Este recomandat s\u0103 permite\u021bi accesul acestor mici fi\u0219iere, de\u0219i nu sunte\u021bi pe deplin sigur c\u0103 ave\u021bi nevoie de acestea, exist\u0103 posibilitatea s\u0103 fie totu\u0219i utilizate de programul cu care lucra\u021bi.<\/p>\r\n\t\t\t<span class=\"text-xs text-primary font-medium tracking-widest uppercase flex mb-1.5\">dezactivarea modulelor cookie<\/span>\r\n\t\t\t<p class=\"mb-10\">Pute\u021bi preveni setarea cookie-urilor prin ajustarea set\u0103rilor din browserul dvs. (consulta\u021bi asisten\u021ba browserului dvs. pentru a face acest lucru). Re\u021bine\u021bi c\u0103 dezactivarea cookie-urilor va afecta func\u021bionalitatea acestui site \u0219i multe alte site-uri pe care le vizita\u021bi. Prin urmare, este recomandat s\u0103 nu dezactiva\u021bi modulele cookie.<\/p>\r\n\t\t\t<span class=\"text-xs text-primary font-medium tracking-widest uppercase flex mb-1.5\">cookie-urile pe care le-am stabilit<\/span>\r\n\t\t\t<p class=\"mb-3\">Dac\u0103 v\u0103 crea\u021bi un cont pe acest site, \u00een mod automat vor fi utilizate module de tip cookie at\u00e2t \u00een procesul de \u00eenregistrare c\u00e2t \u0219i \u00een cel de administrare general\u0103. Aceste cookie-uri vor fi, de obicei, \u0219terse atunci c\u00e2nd v\u0103 deconecta\u021bi, \u00eens\u0103 \u00een unele cazuri acestea pot fi p\u0103strate strict pentru a v\u0103 aminti ulterior preferin\u021bele dumneavoastr\u0103 de pe aceast\u0103 platform\u0103.<\/p>\r\n\t\t\t<p class=\"mb-3\">Acest site ofer\u0103 servicii de abonare la buletine de \u0219tiri sau e-mail, iar modulele cookie pot fi folosite pentru a v\u0103 aminti dac\u0103 sunte\u021bi deja \u00eenregistrat \u0219i dac\u0103 dori\u021bi s\u0103 afi\u0219a\u021bi anumite notific\u0103ri care ar putea fi valabile doar pentru utilizatorii abona\u021bi.<\/p>\r\n\t\t\t<p class=\"mb-3\">Din c\u00e2nd \u00een c\u00e2nd, promov\u0103m analize ale opiniilor utilizatorilor \u0219i chestionare pentru a v\u0103 oferi informa\u021bii interesante, instrumente utile sau pentru a \u00een\u021belege mai bine baza noastr\u0103 de utilizatori. \u0218i aceste tipuri de chestionare pot utiliza cookie-uri pentru a v\u0103 aminti cine a participat deja la un sondaj sau pentru a v\u0103 oferi rezultate corecte dup\u0103 ce schimba\u021bi paginile.<\/p>\r\n\t\t\t<p class=\"mb-3\">C\u00e2nd trimite\u021bi date c\u0103tre un formular, cum ar fi cele g\u0103site \u00een paginile de contact sau formularele de comentarii, modulele cookie pot fi setate pentru a v\u0103 aminti detaliile utilizatorului pentru coresponden\u021ba viitoare.<\/p>\r\n\t\t\t<p class=\"mb-10\">Pentru a v\u0103 oferi o experien\u021b\u0103 de excep\u021bie pe acest site, v\u0103 oferim func\u021bia de setare a preferin\u021belor pentru modul \u00een care acest site ruleaz\u0103 atunci c\u00e2nd \u00eel utiliza\u021bi. Pentru a v\u0103 aminti preferin\u021bele, trebuie s\u0103 seta\u021bi cookie-urile astfel \u00eenc\u00e2t aceste informa\u021bii s\u0103 poat\u0103 fi apelate ori de c\u00e2te ori este necesar.<\/p>\r\n\t\t\t<span class=\"text-xs text-primary font-medium tracking-widest uppercase flex mb-1.5\">third party cookies<\/span>\r\n\t\t\t<p class=\"mb-3\">\u00cen unele cazuri speciale folosim, de asemenea, cookie-uri furnizate de ter\u021be p\u0103r\u021bi de \u00eencredere. Urm\u0103toarea sec\u021biune detaliaz\u0103 care sunt cookie-urile ter\u021be p\u0103r\u021bi pe care le-a\u021bi putea \u00eent\u00e2lni prin acest site.<\/p>\r\n\t\t\t<p class=\"mb-3\">Acest site utilizeaz\u0103 Google Analytics, una dintre cele mai r\u0103sp\u00e2ndite \u0219i mai sigure solu\u021bii de analiz\u0103 de pe web, pentru a ne ajuta s\u0103 \u00een\u021belegem modul \u00een care utiliza\u021bi site-ul \u0219i modalit\u0103\u021bile prin care v\u0103 putem \u00eembun\u0103t\u0103\u021bi experien\u021ba. Aceste cookie-uri pot urm\u0103ri diferite aspecte, precum durata petrecut\u0103 pe site \u0219i paginile pe care le vizita\u021bi, astfel \u00eenc\u00e2t s\u0103 putem continua s\u0103 producem con\u021binut interesant.<\/p>\r\n\t\t\t<p class=\"mb-3\">Pentru mai multe informa\u021bii despre cookie-urile Google Analytics, consulta\u021bi pagina oficial\u0103 Google Analytics.<\/p>\r\n\t\t\t<p class=\"mb-3\">Din c\u00e2nd \u00een c\u00e2nd, \u00eencerc\u0103m noi caracteristici \u0219i facem modific\u0103ri subtile ale modului \u00een care site-ul este livrat. Atunci c\u00e2nd testa\u021bi \u00een continuare func\u021bii noi, aceste cookie-uri pot fi utilizate pentru a v\u0103 asigura c\u0103 beneficia\u021bi de o experien\u021b\u0103 consistent\u0103 \u00een timp ce v\u0103 afla\u021bi pe site, asigur\u00e2ndu-ne \u00een acela\u0219i timp c\u0103 \u00een\u021belegem ce optimiz\u0103ri apreciaz\u0103 cel mai mult utilizatorii no\u0219tri.<\/p>\r\n\t\t\t<p class=\"mb-3\">Pe m\u0103sur\u0103 ce vindem produse, este important s\u0103 \u00een\u021belegem statisticile despre num\u0103rul de vizitatori pe site-ul nostru care fac efectiv o achizi\u021bie \u0219i, ca atare, acesta este tipul de date pe care aceste cookie-uri le vor urm\u0103ri. Acest lucru este important pentru dvs., \u00eentruc\u00e2t v\u0103 putem oferi cu exactitate previziuni pentru companii, care ne permit s\u0103 monitoriz\u0103m costurile de publicitate \u0219i de produs, pentru a v\u0103 asigura cel mai bun pre\u021b posibil.<\/p>\r\n\t\t\t<p class=\"mb-3\">Serviciul Google AdSense, pe care \u00eel folosim pentru a difuza anun\u021buri, utilizeaz\u0103 un modul cookie DoubleClick pentru a difuza anun\u021buri mai relevante pe web \u0219i pentru a limita num\u0103rul de afi\u0219\u0103ri ale unui anumit anun\u021b.<\/p>\r\n\t\t\t<p class=\"mb-3\">Pentru mai multe informa\u021bii despre Google AdSense, consulta\u021bi \u00eentreb\u0103rile oficiale despre confiden\u021bialitatea Google AdSense.<\/p>\r\n\t\t\t<p class=\"mb-3\">Utiliz\u0103m anun\u021buri pentru a compensa costurile de rulare a acestui site \u0219i pentru a oferi finan\u021bare pentru dezvoltarea ulterioar\u0103. Cookie-urile de publicitate comportamental\u0103 utilizate de acest site sunt concepute astfel \u00eenc\u00e2t s\u0103 v\u0103 asigur\u0103m c\u0103 v\u0103 oferim cele mai relevante anun\u021buri acolo unde este posibil, prin urm\u0103rirea anonim\u0103 a intereselor \u0219i prezentarea unor lucruri similare care ar putea fi de interes.<\/p>\r\n\t\t\t<p class=\"mb-3\">\u00cen unele cazuri, v\u0103 putem oferi un con\u021binut personalizat, \u00een func\u021bie de ceea ce ne spune\u021bi despre dvs., direct sau indirect, prin conectarea unui cont de social media. Aceste tipuri de cookie-uri ne permit s\u0103 v\u0103 oferim un con\u021binut pe care noi \u00eel consider\u0103m de interes.<\/p>\r\n\t\t\t<p class=\"mb-10\">Mai mul\u021bi parteneri promoveaz\u0103 \u00een numele nostru \u0219i cookie-uri de urm\u0103rire afiliate ne permit s\u0103 vedem dac\u0103 vizitatorii no\u0219tri au venit pe pagina web printr-unul dintre site-urile noastre partenere, astfel \u00eenc\u00e2t s\u0103 le putem credita \u00een mod corespunz\u0103tor \u0219i, dac\u0103 este cazul, s\u0103 permit\u0103 partenerilor no\u0219tri afilia\u021bi s\u0103 furnizeze un anumit con\u021binut.<\/p>\r\n\t\t\t<span class=\"text-xs text-primary font-medium tracking-widest uppercase flex mb-1.5\">mai multe informa\u021bii<\/span>\r\n\t\t\t<p>Pentru mai multe informa\u021bii \u00een acest sens, ne pute\u021bi contacta \u00een orice moment <a class=\"text-slate-300 font-medium transition-all hover:text-primary\" href=\"mailto:gradinileromane@gmail.com\">gradinileromane@gmail.com<\/a>. Aceast\u0103 politic\u0103 de cookie-uri a fost creat\u0103 cu ajutorul CookiePolicyGenerator.<\/p>\r\n\t\t<\/div>\r\n\t\t<div class=\"flex flex-col items-stretch xl:w-72 xl:shrink-0 2xl:w-80\">\r\n\t\t\t<div class=\"sticky top-10\">\r\n\t\t\t\t<!-- wp:html -->\n<div class=\"hidden xl:flex xl:flex-col xl:space-y-10\">\r\n\t<div class=\"bg-primary p-7 rounded-2xl\">\r\n\t\t<form class=\"w-full grid gap-5\" onsubmit=\"submitForm(event)\" action=\"\">\r\n            <input type=\"hidden\" name=\"domain\" value=\"gradinileromane.com\">\r\n            <input type=\"hidden\" name=\"auth\" value=\"68e21a7083a591831ea67e78816f18bd\">\r\n            <input type=\"hidden\" name=\"auth1\" value=\"K6XMSaA2pqnqvBLauKG9O3rFhg2R6hcvAjv71uBQ\">\r\n            <div class=\"relative\">\r\n                <label class=\"text-white font-medium flex mb-1\" for=\"prima_zi\">When can we expect you?<\/label>\r\n                <input class=\"checkin_date w-full text-white bg-black\/10 font-medium pl-11 py-3 pr-5 tracking-tight rounded-lg transition-all hover:bg-black\/20 focus:bg-black\/20 focus:outline-none focus:shadow-outline placeholder:text-white\/50\" type=\"text\" name=\"prima_zi\" id=\"prima_zi\" placeholder=\"Select a day from the calendar\">\r\n                <svg xmlns=\"http:\/\/www.w3.org\/2000\/svg\" fill=\"none\" viewbox=\"0 0 24 24\" stroke-width=\"1.5\" stroke=\"currentColor\" class=\"w-6 h-6 text-white absolute bottom-3 left-3\"><path stroke-linecap=\"round\" stroke-linejoin=\"round\" d=\"M18 18.72a9.094 9.094 0 003.741-.479 3 3 0 00-4.682-2.72m.94 3.198l.001.031c0 .225-.012.447-.037.666A11.944 11.944 0 0112 21c-2.17 0-4.207-.576-5.963-1.584A6.062 6.062 0 016 18.719m12 0a5.971 5.971 0 00-.941-3.197m0 0A5.995 5.995 0 0012 12.75a5.995 5.995 0 00-5.058 2.772m0 0a3 3 0 00-4.681 2.72 8.986 8.986 0 003.74.477m.94-3.197a5.971 5.971 0 00-.94 3.197M15 6.75a3 3 0 11-6 0 3 3 0 016 0zm6 3a2.25 2.25 0 11-4.5 0 2.25 2.25 0 014.5 0zm-13.5 0a2.25 2.25 0 11-4.5 0 2.25 2.25 0 014.5 0z\" \/><\/svg>\r\n            <\/div>\r\n            <div class=\"relative\">\r\n                <label class=\"text-white font-medium flex mb-1\" for=\"ultima_zi\">Check-out<\/label>\r\n                <input class=\"checkout_date w-full text-white bg-black\/10 font-medium pl-11 py-3 pr-5 tracking-tight rounded-lg transition-all hover:bg-black\/20 focus:bg-black\/20 focus:outline-none focus:shadow-outline placeholder:text-white\/50\" type=\"text\" name=\"ultima_zi\" id=\"ultima_zi\" placeholder=\"Select a day from the calendar\">\r\n                <svg xmlns=\"http:\/\/www.w3.org\/2000\/svg\" fill=\"none\" viewbox=\"0 0 24 24\" stroke-width=\"1.5\" stroke=\"currentColor\" class=\"w-6 h-6 text-white absolute bottom-3 left-3\"><path stroke-linecap=\"round\" stroke-linejoin=\"round\" d=\"M15.75 9V5.25A2.25 2.25 0 0013.5 3h-6a2.25 2.25 0 00-2.25 2.25v13.5A2.25 2.25 0 007.5 21h6a2.25 2.25 0 002.25-2.25V15m3 0l3-3m0 0l-3-3m3 3H9\" \/><\/svg>\r\n            <\/div>\r\n            <button type=\"submit\" class=\"w-full text-slate-700 bg-white font-medium text-center p-3 rounded-full transition-all hover:cursor-pointer hover:ring hover:ring-black\/10\" value=\"Verific\u0103 disponibilitatea\">Check availability<\/button>\r\n        <input type=\"hidden\" name=\"trp-form-language\" value=\"en\"\/><\/form>\r\n\t<\/div>\r\n\t\r\n\t<div class=\"flex space-x-2.5\">\r\n\t\t<svg xmlns=\"http:\/\/www.w3.org\/2000\/svg\" fill=\"none\" viewbox=\"0 0 24 24\" stroke-width=\"1.5\" stroke=\"currentColor\" class=\"text-primary w-6 h-6 shrink-0\"><path stroke-linecap=\"round\" stroke-linejoin=\"round\" d=\"M11.25 11.25l.041-.02a.75.75 0 011.063.852l-.708 2.836a.75.75 0 001.063.853l.041-.021M21 12a9 9 0 11-18 0 9 9 0 0118 0zm-9-3.75h.008v.008H12V8.25z\" \/><\/svg>\r\n\t\t<span>V\u0103 inform\u0103m c\u0103 ultimii 600 de metri p\u00e2n\u0103 la loca\u021bie sunt pe un drum neasfaltat, conduce\u021bi prudent.<\/span>\r\n\t<\/div>\r\n<\/div>\n<!-- \/wp:html -->\r\n\t\t\t<\/div>\r\n\t\t<\/div>\r\n\t<\/div>\r\n<\/section>","protected":false},"excerpt":{"rendered":"<p>gr\u0103dinile rom\u00e2ne politica de confiden\u021bialitate Aceast\u0103 pagin\u0103 descrie informa\u021biile pe care modulele le colecteaz\u0103, precum \u0219i scopul acestui proces. ce sunt cookie-urile? Politica de confiden\u021bialitate A\u0219a cum este practica obi\u0219nuit\u0103 \u00een acest domeniu, site-ul nostru utilizeaz\u0103 module cookie, care constau \u00een fi\u0219iere mici ce sunt desc\u0103rcate \u00een mod automat direct pe computer, cu scopul de [&hellip;]<\/p>","protected":false},"author":1,"featured_media":0,"parent":0,"menu_order":0,"comment_status":"closed","ping_status":"closed","template":"","meta":{"inline_featured_image":false,"footnotes":""},"class_list":["post-19","page","type-page","status-publish","hentry"],"yoast_head":"<!-- This site is optimized with the Yoast SEO plugin v25.5 - https:\/\/yoast.com\/wordpress\/plugins\/seo\/ -->\n<title>Politica de confiden\u021bialitate - Gr\u0103dinile Romane<\/title>\n<meta name=\"description\" content=\"Descoper\u0103 politica noastr\u0103 de confiden\u021bialitate, menit\u0103 s\u0103 asigure un mediu sigur \u0219i luxos pentru oaspe\u021bii no\u0219tri. Garant\u0103m protec\u021bia datelor \u0219i intimitatea.\" \/>\n<meta name=\"robots\" content=\"index, follow, max-snippet:-1, max-image-preview:large, max-video-preview:-1\" \/>\n<link rel=\"canonical\" href=\"https:\/\/gradinileromane.ro\/en\/politica-de-confidentialitate\/\" \/>\n<meta property=\"og:locale\" content=\"en_US\" \/>\n<meta property=\"og:type\" content=\"article\" \/>\n<meta property=\"og:title\" content=\"Politica de confiden\u021bialitate - Gr\u0103dinile Romane\" \/>\n<meta property=\"og:description\" content=\"Descoper\u0103 politica noastr\u0103 de confiden\u021bialitate, menit\u0103 s\u0103 asigure un mediu sigur \u0219i luxos pentru oaspe\u021bii no\u0219tri. Garant\u0103m protec\u021bia datelor \u0219i intimitatea.\" \/>\n<meta property=\"og:url\" content=\"https:\/\/gradinileromane.ro\/en\/politica-de-confidentialitate\/\" \/>\n<meta property=\"og:site_name\" content=\"Gr\u0103dinile Romane\" \/>\n<meta property=\"article:modified_time\" content=\"2024-01-30T10:36:59+00:00\" \/>\n<meta name=\"twitter:card\" content=\"summary_large_image\" \/>\n<meta name=\"twitter:label1\" content=\"Est. reading time\" \/>\n\t<meta name=\"twitter:data1\" content=\"6 minutes\" \/>\n<script type=\"application\/ld+json\" class=\"yoast-schema-graph\">{\"@context\":\"https:\/\/schema.org\",\"@graph\":[{\"@type\":\"WebPage\",\"@id\":\"https:\/\/gradinileromane.ro\/politica-de-confidentialitate\/\",\"url\":\"https:\/\/gradinileromane.ro\/politica-de-confidentialitate\/\",\"name\":\"Politica de confiden\u021bialitate - Gr\u0103dinile Romane\",\"isPartOf\":{\"@id\":\"https:\/\/gradinileromane.ro\/#website\"},\"datePublished\":\"2023-11-30T17:54:02+00:00\",\"dateModified\":\"2024-01-30T10:36:59+00:00\",\"description\":\"Descoper\u0103 politica noastr\u0103 de confiden\u021bialitate, menit\u0103 s\u0103 asigure un mediu sigur \u0219i luxos pentru oaspe\u021bii no\u0219tri. Garant\u0103m protec\u021bia datelor \u0219i intimitatea.\",\"breadcrumb\":{\"@id\":\"https:\/\/gradinileromane.ro\/politica-de-confidentialitate\/#breadcrumb\"},\"inLanguage\":\"en\",\"potentialAction\":[{\"@type\":\"ReadAction\",\"target\":[\"https:\/\/gradinileromane.ro\/politica-de-confidentialitate\/\"]}]},{\"@type\":\"BreadcrumbList\",\"@id\":\"https:\/\/gradinileromane.ro\/politica-de-confidentialitate\/#breadcrumb\",\"itemListElement\":[{\"@type\":\"ListItem\",\"position\":1,\"name\":\"Prima pagin\u0103\",\"item\":\"https:\/\/gradinileromane.ro\/\"},{\"@type\":\"ListItem\",\"position\":2,\"name\":\"Politica de confiden\u021bialitate\"}]},{\"@type\":\"WebSite\",\"@id\":\"https:\/\/gradinileromane.ro\/#website\",\"url\":\"https:\/\/gradinileromane.ro\/\",\"name\":\"Gr\u0103dinile Romane\",\"description\":\"Locul unde relaxarea devine art\u0103\",\"potentialAction\":[{\"@type\":\"SearchAction\",\"target\":{\"@type\":\"EntryPoint\",\"urlTemplate\":\"https:\/\/gradinileromane.ro\/?s={search_term_string}\"},\"query-input\":{\"@type\":\"PropertyValueSpecification\",\"valueRequired\":true,\"valueName\":\"search_term_string\"}}],\"inLanguage\":\"en\"}]}<\/script>\n<!-- \/ Yoast SEO plugin. -->","yoast_head_json":{"title":"Politica de confiden\u021bialitate - Gr\u0103dinile Romane","description":"Descoper\u0103 politica noastr\u0103 de confiden\u021bialitate, menit\u0103 s\u0103 asigure un mediu sigur \u0219i luxos pentru oaspe\u021bii no\u0219tri. Garant\u0103m protec\u021bia datelor \u0219i intimitatea.","robots":{"index":"index","follow":"follow","max-snippet":"max-snippet:-1","max-image-preview":"max-image-preview:large","max-video-preview":"max-video-preview:-1"},"canonical":"https:\/\/gradinileromane.ro\/en\/politica-de-confidentialitate\/","og_locale":"en_US","og_type":"article","og_title":"Politica de confiden\u021bialitate - Gr\u0103dinile Romane","og_description":"Descoper\u0103 politica noastr\u0103 de confiden\u021bialitate, menit\u0103 s\u0103 asigure un mediu sigur \u0219i luxos pentru oaspe\u021bii no\u0219tri. Garant\u0103m protec\u021bia datelor \u0219i intimitatea.","og_url":"https:\/\/gradinileromane.ro\/en\/politica-de-confidentialitate\/","og_site_name":"Gr\u0103dinile Romane","article_modified_time":"2024-01-30T10:36:59+00:00","twitter_card":"summary_large_image","twitter_misc":{"Est. reading time":"6 minutes"},"schema":{"@context":"https:\/\/schema.org","@graph":[{"@type":"WebPage","@id":"https:\/\/gradinileromane.ro\/politica-de-confidentialitate\/","url":"https:\/\/gradinileromane.ro\/politica-de-confidentialitate\/","name":"Politica de confiden\u021bialitate - Gr\u0103dinile Romane","isPartOf":{"@id":"https:\/\/gradinileromane.ro\/#website"},"datePublished":"2023-11-30T17:54:02+00:00","dateModified":"2024-01-30T10:36:59+00:00","description":"Descoper\u0103 politica noastr\u0103 de confiden\u021bialitate, menit\u0103 s\u0103 asigure un mediu sigur \u0219i luxos pentru oaspe\u021bii no\u0219tri. Garant\u0103m protec\u021bia datelor \u0219i intimitatea.","breadcrumb":{"@id":"https:\/\/gradinileromane.ro\/politica-de-confidentialitate\/#breadcrumb"},"inLanguage":"en","potentialAction":[{"@type":"ReadAction","target":["https:\/\/gradinileromane.ro\/politica-de-confidentialitate\/"]}]},{"@type":"BreadcrumbList","@id":"https:\/\/gradinileromane.ro\/politica-de-confidentialitate\/#breadcrumb","itemListElement":[{"@type":"ListItem","position":1,"name":"Prima pagin\u0103","item":"https:\/\/gradinileromane.ro\/"},{"@type":"ListItem","position":2,"name":"Politica de confiden\u021bialitate"}]},{"@type":"WebSite","@id":"https:\/\/gradinileromane.ro\/#website","url":"https:\/\/gradinileromane.ro\/","name":"Gr\u0103dinile Romane","description":"Locul unde relaxarea devine art\u0103","potentialAction":[{"@type":"SearchAction","target":{"@type":"EntryPoint","urlTemplate":"https:\/\/gradinileromane.ro\/?s={search_term_string}"},"query-input":{"@type":"PropertyValueSpecification","valueRequired":true,"valueName":"search_term_string"}}],"inLanguage":"en"}]}},"_links":{"self":[{"href":"https:\/\/gradinileromane.ro\/en\/wp-json\/wp\/v2\/pages\/19","targetHints":{"allow":["GET"]}}],"collection":[{"href":"https:\/\/gradinileromane.ro\/en\/wp-json\/wp\/v2\/pages"}],"about":[{"href":"https:\/\/gradinileromane.ro\/en\/wp-json\/wp\/v2\/types\/page"}],"author":[{"embeddable":true,"href":"https:\/\/gradinileromane.ro\/en\/wp-json\/wp\/v2\/users\/1"}],"replies":[{"embeddable":true,"href":"https:\/\/gradinileromane.ro\/en\/wp-json\/wp\/v2\/comments?post=19"}],"version-history":[{"count":0,"href":"https:\/\/gradinileromane.ro\/en\/wp-json\/wp\/v2\/pages\/19\/revisions"}],"wp:attachment":[{"href":"https:\/\/gradinileromane.ro\/en\/wp-json\/wp\/v2\/media?parent=19"}],"curies":[{"name":"wp","href":"https:\/\/api.w.org\/{rel}","templated":true}]}}