{"id":23,"date":"2023-11-30T17:54:49","date_gmt":"2023-11-30T17:54:49","guid":{"rendered":"https:\/\/gradinileromane.ro\/?page_id=23"},"modified":"2024-02-07T15:09:54","modified_gmt":"2024-02-07T15:09:54","slug":"contact","status":"publish","type":"page","link":"https:\/\/gradinileromane.ro\/en\/contact\/","title":{"rendered":"Contact us"},"content":{"rendered":"<section class=\"container grid gap-10\">\r\n\t<!-- wp:html -->\n<div class=\"h-[350px] bg-black\/20 bg-cover bg-center relative rounded-2xl md:h-[400px] xl:h-[500px]\" style=\"background-image: url('\/wp-content\/uploads\/harta.svg');\" data-aos=\"fade-up\">\r\n\t<a class=\"bg-black\/20 absolute top-7 flex items-center space-x-2 pt-2 pb-2.5 px-6 rounded-full transition-all hover:ring hover:ring-primary\/10 max-[768px]:left-7 md:right-7\" target=\"_blank\" href=\"https:\/\/www.google.com\/maps\/place\/Gr%C4%83dinile+Romane\/@47.0466281,26.0312671,14.89z\/data=!4m9!3m8!1s0x4735614bab1c9feb:0xce974be094bdf207!5m2!4m1!1i2!8m2!3d47.0456774!4d26.0263954!16s%2Fg%2F11h4q3h7dz?entry=ttu\" rel=\"noopener\">\r\n\t\t<svg xmlns=\"http:\/\/www.w3.org\/2000\/svg\" fill=\"none\" viewbox=\"0 0 24 24\" stroke-width=\"1.5\" stroke=\"currentColor\" class=\"w-4 h-4 text-primary mt-0.5\"><path stroke-linecap=\"round\" stroke-linejoin=\"round\" d=\"M9 6.75V15m6-6v8.25m.503 3.498l4.875-2.437c.381-.19.622-.58.622-1.006V4.82c0-.836-.88-1.38-1.628-1.006l-3.869 1.934c-.317.159-.69.159-1.006 0L9.503 3.252a1.125 1.125 0 00-1.006 0L3.622 5.689C3.24 5.88 3 6.27 3 6.695V19.18c0 .836.88 1.38 1.628 1.006l3.869-1.934c.317-.159.69-.159 1.006 0l4.994 2.497c.317.158.69.158 1.006 0z\" \/><\/svg>\r\n\t\t<span class=\"text-sm text-slate-300 font-medium\">harta complet\u0103<\/span>\r\n\t<\/a>\r\n\t<a class=\"bg-blue-600 absolute bottom-7 left-7 flex items-center space-x-1.5 pt-2 pb-2.5 px-6 rounded-full transition-all hover:ring hover:ring-blue-600\/20\" target=\"_blank\" href=\"https:\/\/www.google.com\/maps\/dir\/\/Gr%C4%83dinile+Romane,+Chiri%C8%9Beni\/@47.0457285,25.9851962,13z\/data=!4m8!4m7!1m0!1m5!1m1!1s0x4735614bab1c9feb:0xce974be094bdf207!2m2!1d26.0263954!2d47.0456774?entry=ttu\" rel=\"noopener\">\r\n\t\t<svg xmlns=\"http:\/\/www.w3.org\/2000\/svg\" fill=\"none\" viewbox=\"0 0 24 24\" stroke-width=\"1.5\" stroke=\"currentColor\" class=\"w-4 h-4 text-white mb-0.5 -rotate-45\"><path stroke-linecap=\"round\" stroke-linejoin=\"round\" d=\"M6 12L3.269 3.126A59.768 59.768 0 0121.485 12 59.77 59.77 0 013.27 20.876L5.999 12zm0 0h7.5\" \/><\/svg>\r\n\t\t<span class=\"text-sm text-blue-100 font-medium\">get directions<\/span>\r\n\t<\/a>\r\n\t<span class=\"w-3 h-3 absolute inset-y-1\/2 inset-x-1\/2 flex md:w-4 md:h-4\">\r\n\t\t<span class=\"w-full h-full bg-lime-400 absolute inline-flex rounded-full opacity-75 animate-ping\"><\/span>\r\n\t\t<span class=\"w-3 h-3 bg-lime-500 relative inline-flex rounded-full md:w-4 md:h-4\"><\/span>\r\n\t<\/span>\r\n<\/div>\n<!-- \/wp:html -->\r\n\t<div class=\"flex flex-col space-y-10 xl:flex-row xl:space-x-10 xl:space-y-0 xl:items-start\" data-aos=\"fade-up\">\r\n\t\t<div class=\"bg-black\/20 p-7 rounded-2xl sm:p-10 xl:grow\">\r\n\t\t\t<span class=\"text-xs text-primary font-medium tracking-widest uppercase flex mb-1\">contact<\/span>\r\n\t        <h3 class=\"text-2xl text-slate-200 leading-7 mb-2.5 sm:text-3xl sm:leading-8 sm:mb-3\">Descoperi\u021bi ospitalitatea de top, contacta\u021bi-ne<\/h3>\r\n\t        <p class=\"mb-10 xl:mb-14\">Suntem aici pentru a v\u0103 oferi o experien\u021b\u0103 de neuitat, personalizat\u0103 exact dup\u0103 gusturile \u0219i preferin\u021bele dumneavoastr\u0103. Pentru rezerv\u0103ri, \u00eentreb\u0103ri sau solicit\u0103ri speciale, nu ezita\u021bi s\u0103 ne contacta\u021bi. Echipa noastr\u0103 dedicat\u0103 este preg\u0103tit\u0103 s\u0103 v\u0103 asiste \u0219i s\u0103 v\u0103 ofere cele mai bune servicii. A\u0219tept\u0103m cu ner\u0103bdare s\u0103 v\u0103 avem ca oaspe\u021bi distin\u0219i \u0219i s\u0103 v\u0103 oferim o \u0219edere de neegalat.<\/p>\r\n\t        <style id=\"wpforms-css-vars-2194\">\n\t\t\t\t#wpforms-2194 {\n\t\t\t\t\n\t\t\t}\n\t\t\t<\/style><div class=\"wpforms-container wpforms-container-full wpforms-render-modern\" id=\"wpforms-2194\"><form id=\"wpforms-form-2194\" class=\"wpforms-validate wpforms-form wpforms-ajax-form\" data-formid=\"2194\" method=\"post\" enctype=\"multipart\/form-data\" action=\"\/en\/wp-json\/wp\/v2\/pages\/23\" data-token=\"762d5978e1af20afd8c56a19a36845a8\" data-token-time=\"1776760778\" data-trp-original-action=\"\/en\/wp-json\/wp\/v2\/pages\/23\"><noscript class=\"wpforms-error-noscript\">Please enable JavaScript in your browser to complete this form.<\/noscript><div id=\"wpforms-error-noscript\" style=\"display: none;\">Please enable JavaScript in your browser to complete this form.<\/div><div class=\"wpforms-field-container\"><div id=\"wpforms-2194-field_4-container\" class=\"wpforms-field wpforms-field-text\" data-field-id=\"4\"><label class=\"wpforms-field-label\" for=\"wpforms-2194-field_4\">Numele dumneavoastr\u0103 <span class=\"wpforms-required-label\" aria-hidden=\"true\">*<\/span><\/label><input type=\"text\" id=\"wpforms-2194-field_4\" class=\"wpforms-field-medium wpforms-field-required\" name=\"wpforms[fields][4]\" placeholder=\"Andrei Popescu\" aria-errormessage=\"wpforms-2194-field_4-error\" required><\/div><div id=\"wpforms-2194-field_5-container\" class=\"wpforms-field wpforms-field-text\" data-field-id=\"5\"><label class=\"wpforms-field-label\" for=\"wpforms-2194-field_5\">Num\u0103rul de telefon<\/label><input type=\"text\" id=\"wpforms-2194-field_5\" class=\"wpforms-field-medium\" name=\"wpforms[fields][5]\" placeholder=\"0751 *** ***\" aria-errormessage=\"wpforms-2194-field_5-error\" ><\/div><div id=\"wpforms-2194-field_1-container\" class=\"wpforms-field wpforms-field-email\" data-field-id=\"1\"><label class=\"wpforms-field-label\" for=\"wpforms-2194-field_1\">Adresa de email <span class=\"wpforms-required-label\" aria-hidden=\"true\">*<\/span><\/label><input type=\"email\" id=\"wpforms-2194-field_1\" class=\"wpforms-field-medium wpforms-field-required\" name=\"wpforms[fields][1]\" placeholder=\"andrei@popescu.ro\" spellcheck=\"false\" aria-errormessage=\"wpforms-2194-field_1-error\" required><\/div><div id=\"wpforms-2194-field_6-container\" class=\"wpforms-field wpforms-field-select wpforms-field-select-style-classic\" data-field-id=\"6\"><label class=\"wpforms-field-label\" for=\"wpforms-2194-field_6\">Cu ce v\u0103 putem ajuta ? <span class=\"wpforms-required-label\" aria-hidden=\"true\">*<\/span><\/label><select id=\"wpforms-2194-field_6\" class=\"wpforms-field-medium wpforms-field-required\" name=\"wpforms[fields][6]\" required=\"required\"><option value=\"\" class=\"placeholder\" disabled selected='selected'>V\u0103 rug\u0103m alege\u021bi o op\u021biune<\/option><option value=\"Solicitare informa\u021bii\" >Solicitare informa\u021bii<\/option><option value=\"Detalii rezervare\" >Detalii rezervare<\/option><\/select><\/div><div id=\"wpforms-2194-field_2-container\" class=\"wpforms-field wpforms-field-textarea\" data-field-id=\"2\"><label class=\"wpforms-field-label\" for=\"wpforms-2194-field_2\">Mesajul dumneavoastr\u0103 <span class=\"wpforms-required-label\" aria-hidden=\"true\">*<\/span><\/label><textarea id=\"wpforms-2194-field_2\" class=\"wpforms-field-medium wpforms-field-required\" name=\"wpforms[fields][2]\" aria-errormessage=\"wpforms-2194-field_2-error\" required><\/textarea><\/div><\/div><!-- .wpforms-field-container --><div class=\"wpforms-submit-container\" ><input type=\"hidden\" name=\"wpforms[id]\" value=\"2194\"><input type=\"hidden\" name=\"page_title\" value=\"\"><input type=\"hidden\" name=\"page_url\" value=\"https:\/\/gradinileromane.ro\/en\/wp-json\/wp\/v2\/pages\/23\"><input type=\"hidden\" name=\"url_referer\" value=\"\"><button type=\"submit\" name=\"wpforms[submit]\" id=\"wpforms-submit-2194\" class=\"wpforms-submit\" data-alt-text=\"Se trimite mesajul\" data-submit-text=\"Trimite mesajul\" aria-live=\"assertive\" value=\"wpforms-submit\">Trimite mesajul<\/button><img loading=\"lazy\" decoding=\"async\" src=\"https:\/\/gradinileromane.ro\/wp-content\/plugins\/wpforms-lite\/assets\/images\/submit-spin.svg\" class=\"wpforms-submit-spinner\" style=\"display: none;\" width=\"26\" height=\"26\" alt=\"Loading\"><\/div><input type=\"hidden\" name=\"trp-form-language\" value=\"en\"\/><\/form><\/div>  <!-- .wpforms-container -->\r\n\t\t\t<p class=\"text-sm text-center mt-2.5 2xl:max-w-3xl\">Prin trimiterea acestui formular, sunte\u021bi de acord cu <a class=\"text-slate-300 font-semibold transition-all hover:text-primary\" href=\"\/en\/politica-de-confidentialitate\/\">politica de confiden\u021bialitate<\/a>.<\/p>\r\n\t\t<\/div>\r\n\t\t<div class=\"grid gap-10 xl:w-72 xl:shrink-0 2xl:w-80\">\r\n\t\t\t<!-- wp:html -->\n<div class=\"hidden xl:flex xl:flex-col xl:space-y-10\">\r\n\t<div class=\"bg-primary p-7 rounded-2xl\">\r\n\t\t<form class=\"w-full grid gap-5\" onsubmit=\"submitForm(event)\" action=\"\">\r\n            <input type=\"hidden\" name=\"domain\" value=\"gradinileromane.com\">\r\n            <input type=\"hidden\" name=\"auth\" value=\"68e21a7083a591831ea67e78816f18bd\">\r\n            <input type=\"hidden\" name=\"auth1\" value=\"K6XMSaA2pqnqvBLauKG9O3rFhg2R6hcvAjv71uBQ\">\r\n            <div class=\"relative\">\r\n                <label class=\"text-white font-medium flex mb-1\" for=\"prima_zi\">When can we expect you?<\/label>\r\n                <input class=\"checkin_date w-full text-white bg-black\/10 font-medium pl-11 py-3 pr-5 tracking-tight rounded-lg transition-all hover:bg-black\/20 focus:bg-black\/20 focus:outline-none focus:shadow-outline placeholder:text-white\/50\" type=\"text\" name=\"prima_zi\" id=\"prima_zi\" placeholder=\"Select a day from the calendar\">\r\n                <svg xmlns=\"http:\/\/www.w3.org\/2000\/svg\" fill=\"none\" viewbox=\"0 0 24 24\" stroke-width=\"1.5\" stroke=\"currentColor\" class=\"w-6 h-6 text-white absolute bottom-3 left-3\"><path stroke-linecap=\"round\" stroke-linejoin=\"round\" d=\"M18 18.72a9.094 9.094 0 003.741-.479 3 3 0 00-4.682-2.72m.94 3.198l.001.031c0 .225-.012.447-.037.666A11.944 11.944 0 0112 21c-2.17 0-4.207-.576-5.963-1.584A6.062 6.062 0 016 18.719m12 0a5.971 5.971 0 00-.941-3.197m0 0A5.995 5.995 0 0012 12.75a5.995 5.995 0 00-5.058 2.772m0 0a3 3 0 00-4.681 2.72 8.986 8.986 0 003.74.477m.94-3.197a5.971 5.971 0 00-.94 3.197M15 6.75a3 3 0 11-6 0 3 3 0 016 0zm6 3a2.25 2.25 0 11-4.5 0 2.25 2.25 0 014.5 0zm-13.5 0a2.25 2.25 0 11-4.5 0 2.25 2.25 0 014.5 0z\" \/><\/svg>\r\n            <\/div>\r\n            <div class=\"relative\">\r\n                <label class=\"text-white font-medium flex mb-1\" for=\"ultima_zi\">Check-out<\/label>\r\n                <input class=\"checkout_date w-full text-white bg-black\/10 font-medium pl-11 py-3 pr-5 tracking-tight rounded-lg transition-all hover:bg-black\/20 focus:bg-black\/20 focus:outline-none focus:shadow-outline placeholder:text-white\/50\" type=\"text\" name=\"ultima_zi\" id=\"ultima_zi\" placeholder=\"Select a day from the calendar\">\r\n                <svg xmlns=\"http:\/\/www.w3.org\/2000\/svg\" fill=\"none\" viewbox=\"0 0 24 24\" stroke-width=\"1.5\" stroke=\"currentColor\" class=\"w-6 h-6 text-white absolute bottom-3 left-3\"><path stroke-linecap=\"round\" stroke-linejoin=\"round\" d=\"M15.75 9V5.25A2.25 2.25 0 0013.5 3h-6a2.25 2.25 0 00-2.25 2.25v13.5A2.25 2.25 0 007.5 21h6a2.25 2.25 0 002.25-2.25V15m3 0l3-3m0 0l-3-3m3 3H9\" \/><\/svg>\r\n            <\/div>\r\n            <button type=\"submit\" class=\"w-full text-slate-700 bg-white font-medium text-center p-3 rounded-full transition-all hover:cursor-pointer hover:ring hover:ring-black\/10\" value=\"Verific\u0103 disponibilitatea\">Check availability<\/button>\r\n        <input type=\"hidden\" name=\"trp-form-language\" value=\"en\"\/><\/form>\r\n\t<\/div>\r\n\t\r\n\t<div class=\"flex space-x-2.5\">\r\n\t\t<svg xmlns=\"http:\/\/www.w3.org\/2000\/svg\" fill=\"none\" viewbox=\"0 0 24 24\" stroke-width=\"1.5\" stroke=\"currentColor\" class=\"text-primary w-6 h-6 shrink-0\"><path stroke-linecap=\"round\" stroke-linejoin=\"round\" d=\"M11.25 11.25l.041-.02a.75.75 0 011.063.852l-.708 2.836a.75.75 0 001.063.853l.041-.021M21 12a9 9 0 11-18 0 9 9 0 0118 0zm-9-3.75h.008v.008H12V8.25z\" \/><\/svg>\r\n\t\t<span>V\u0103 inform\u0103m c\u0103 ultimii 600 de metri p\u00e2n\u0103 la loca\u021bie sunt pe un drum neasfaltat, conduce\u021bi prudent.<\/span>\r\n\t<\/div>\r\n<\/div>\n<!-- \/wp:html -->\r\n\t\t<\/div>\r\n\t<\/div>\r\n<\/section>","protected":false},"excerpt":{"rendered":"<p>contact Descoperi\u021bi ospitalitatea de top, contacta\u021bi-ne Suntem aici pentru a v\u0103 oferi o experien\u021b\u0103 de neuitat, personalizat\u0103 exact dup\u0103 gusturile \u0219i preferin\u021bele dumneavoastr\u0103. Pentru rezerv\u0103ri, \u00eentreb\u0103ri sau solicit\u0103ri speciale, nu ezita\u021bi s\u0103 ne contacta\u021bi. Echipa noastr\u0103 dedicat\u0103 este preg\u0103tit\u0103 s\u0103 v\u0103 asiste \u0219i s\u0103 v\u0103 ofere cele mai bune servicii. A\u0219tept\u0103m cu ner\u0103bdare s\u0103 v\u0103 [&hellip;]<\/p>","protected":false},"author":1,"featured_media":0,"parent":0,"menu_order":0,"comment_status":"closed","ping_status":"closed","template":"","meta":{"inline_featured_image":false,"footnotes":""},"class_list":["post-23","page","type-page","status-publish","hentry"],"yoast_head":"<!-- This site is optimized with the Yoast SEO plugin v25.5 - https:\/\/yoast.com\/wordpress\/plugins\/seo\/ -->\n<title>Contacteaz\u0103-ne - Gr\u0103dinile Romane<\/title>\n<meta name=\"description\" content=\"Contacteaz\u0103-ne pentru informa\u021bii despre serviciile noastre de lux. Suntem aici s\u0103 v\u0103 oferim experien\u021be memorabile \u0219i confort de neegalat.\" \/>\n<meta name=\"robots\" content=\"index, follow, max-snippet:-1, max-image-preview:large, max-video-preview:-1\" \/>\n<link rel=\"canonical\" href=\"https:\/\/gradinileromane.ro\/en\/contact\/\" \/>\n<meta property=\"og:locale\" content=\"en_US\" \/>\n<meta property=\"og:type\" content=\"article\" \/>\n<meta property=\"og:title\" content=\"Contacteaz\u0103-ne - Gr\u0103dinile Romane\" \/>\n<meta property=\"og:description\" content=\"Contacteaz\u0103-ne pentru informa\u021bii despre serviciile noastre de lux. Suntem aici s\u0103 v\u0103 oferim experien\u021be memorabile \u0219i confort de neegalat.\" \/>\n<meta property=\"og:url\" content=\"https:\/\/gradinileromane.ro\/en\/contact\/\" \/>\n<meta property=\"og:site_name\" content=\"Gr\u0103dinile Romane\" \/>\n<meta property=\"article:modified_time\" content=\"2024-02-07T15:09:54+00:00\" \/>\n<meta name=\"twitter:card\" content=\"summary_large_image\" \/>\n<meta name=\"twitter:label1\" content=\"Est. reading time\" \/>\n\t<meta name=\"twitter:data1\" content=\"1 minute\" \/>\n<script type=\"application\/ld+json\" class=\"yoast-schema-graph\">{\"@context\":\"https:\/\/schema.org\",\"@graph\":[{\"@type\":\"WebPage\",\"@id\":\"https:\/\/gradinileromane.ro\/contact\/\",\"url\":\"https:\/\/gradinileromane.ro\/contact\/\",\"name\":\"Contacteaz\u0103-ne - Gr\u0103dinile Romane\",\"isPartOf\":{\"@id\":\"https:\/\/gradinileromane.ro\/#website\"},\"datePublished\":\"2023-11-30T17:54:49+00:00\",\"dateModified\":\"2024-02-07T15:09:54+00:00\",\"description\":\"Contacteaz\u0103-ne pentru informa\u021bii despre serviciile noastre de lux. Suntem aici s\u0103 v\u0103 oferim experien\u021be memorabile \u0219i confort de neegalat.\",\"breadcrumb\":{\"@id\":\"https:\/\/gradinileromane.ro\/contact\/#breadcrumb\"},\"inLanguage\":\"en\",\"potentialAction\":[{\"@type\":\"ReadAction\",\"target\":[\"https:\/\/gradinileromane.ro\/contact\/\"]}]},{\"@type\":\"BreadcrumbList\",\"@id\":\"https:\/\/gradinileromane.ro\/contact\/#breadcrumb\",\"itemListElement\":[{\"@type\":\"ListItem\",\"position\":1,\"name\":\"Prima pagin\u0103\",\"item\":\"https:\/\/gradinileromane.ro\/\"},{\"@type\":\"ListItem\",\"position\":2,\"name\":\"Contacteaz\u0103-ne\"}]},{\"@type\":\"WebSite\",\"@id\":\"https:\/\/gradinileromane.ro\/#website\",\"url\":\"https:\/\/gradinileromane.ro\/\",\"name\":\"Gr\u0103dinile Romane\",\"description\":\"Locul unde relaxarea devine art\u0103\",\"potentialAction\":[{\"@type\":\"SearchAction\",\"target\":{\"@type\":\"EntryPoint\",\"urlTemplate\":\"https:\/\/gradinileromane.ro\/?s={search_term_string}\"},\"query-input\":{\"@type\":\"PropertyValueSpecification\",\"valueRequired\":true,\"valueName\":\"search_term_string\"}}],\"inLanguage\":\"en\"}]}<\/script>\n<!-- \/ Yoast SEO plugin. -->","yoast_head_json":{"title":"Contacteaz\u0103-ne - Gr\u0103dinile Romane","description":"Contacteaz\u0103-ne pentru informa\u021bii despre serviciile noastre de lux. Suntem aici s\u0103 v\u0103 oferim experien\u021be memorabile \u0219i confort de neegalat.","robots":{"index":"index","follow":"follow","max-snippet":"max-snippet:-1","max-image-preview":"max-image-preview:large","max-video-preview":"max-video-preview:-1"},"canonical":"https:\/\/gradinileromane.ro\/en\/contact\/","og_locale":"en_US","og_type":"article","og_title":"Contacteaz\u0103-ne - Gr\u0103dinile Romane","og_description":"Contacteaz\u0103-ne pentru informa\u021bii despre serviciile noastre de lux. Suntem aici s\u0103 v\u0103 oferim experien\u021be memorabile \u0219i confort de neegalat.","og_url":"https:\/\/gradinileromane.ro\/en\/contact\/","og_site_name":"Gr\u0103dinile Romane","article_modified_time":"2024-02-07T15:09:54+00:00","twitter_card":"summary_large_image","twitter_misc":{"Est. reading time":"1 minute"},"schema":{"@context":"https:\/\/schema.org","@graph":[{"@type":"WebPage","@id":"https:\/\/gradinileromane.ro\/contact\/","url":"https:\/\/gradinileromane.ro\/contact\/","name":"Contacteaz\u0103-ne - Gr\u0103dinile Romane","isPartOf":{"@id":"https:\/\/gradinileromane.ro\/#website"},"datePublished":"2023-11-30T17:54:49+00:00","dateModified":"2024-02-07T15:09:54+00:00","description":"Contacteaz\u0103-ne pentru informa\u021bii despre serviciile noastre de lux. Suntem aici s\u0103 v\u0103 oferim experien\u021be memorabile \u0219i confort de neegalat.","breadcrumb":{"@id":"https:\/\/gradinileromane.ro\/contact\/#breadcrumb"},"inLanguage":"en","potentialAction":[{"@type":"ReadAction","target":["https:\/\/gradinileromane.ro\/contact\/"]}]},{"@type":"BreadcrumbList","@id":"https:\/\/gradinileromane.ro\/contact\/#breadcrumb","itemListElement":[{"@type":"ListItem","position":1,"name":"Prima pagin\u0103","item":"https:\/\/gradinileromane.ro\/"},{"@type":"ListItem","position":2,"name":"Contacteaz\u0103-ne"}]},{"@type":"WebSite","@id":"https:\/\/gradinileromane.ro\/#website","url":"https:\/\/gradinileromane.ro\/","name":"Gr\u0103dinile Romane","description":"Locul unde relaxarea devine art\u0103","potentialAction":[{"@type":"SearchAction","target":{"@type":"EntryPoint","urlTemplate":"https:\/\/gradinileromane.ro\/?s={search_term_string}"},"query-input":{"@type":"PropertyValueSpecification","valueRequired":true,"valueName":"search_term_string"}}],"inLanguage":"en"}]}},"_links":{"self":[{"href":"https:\/\/gradinileromane.ro\/en\/wp-json\/wp\/v2\/pages\/23","targetHints":{"allow":["GET"]}}],"collection":[{"href":"https:\/\/gradinileromane.ro\/en\/wp-json\/wp\/v2\/pages"}],"about":[{"href":"https:\/\/gradinileromane.ro\/en\/wp-json\/wp\/v2\/types\/page"}],"author":[{"embeddable":true,"href":"https:\/\/gradinileromane.ro\/en\/wp-json\/wp\/v2\/users\/1"}],"replies":[{"embeddable":true,"href":"https:\/\/gradinileromane.ro\/en\/wp-json\/wp\/v2\/comments?post=23"}],"version-history":[{"count":0,"href":"https:\/\/gradinileromane.ro\/en\/wp-json\/wp\/v2\/pages\/23\/revisions"}],"wp:attachment":[{"href":"https:\/\/gradinileromane.ro\/en\/wp-json\/wp\/v2\/media?parent=23"}],"curies":[{"name":"wp","href":"https:\/\/api.w.org\/{rel}","templated":true}]}}