{"id":3053,"date":"2024-02-08T19:53:51","date_gmt":"2024-02-08T19:53:51","guid":{"rendered":"https:\/\/gradinileromane.ro\/?page_id=3053"},"modified":"2025-06-10T11:55:57","modified_gmt":"2025-06-10T11:55:57","slug":"rezerva","status":"publish","type":"page","link":"https:\/\/gradinileromane.ro\/en\/rezerva\/","title":{"rendered":"Rezerv\u0103"},"content":{"rendered":"<section class=\"\">\r\n\t<div class=\"rounded-3xl\">\r\n\t\t<iframe loading=\"lazy\" class=\"w-full h-[calc(100vh-88px)] sm:h-[calc(100vh-124px)] overflow-hidden\" id=\"rezultateStarDesk\" src=\"\" width=\"100%\" height=\"600px\" frameborder=\"0\"><\/iframe>\r\n\t\t<div class=\"flex justify-center\">\r\n\t\t\t<a class=\"text-sm text-slate-300 font-semibold bg-black\/20 flex justify-center mt-5 py-3 px-6 rounded-full transition-all hover:ring hover:ring-white\/5\" href=\"https:\/\/www.5stardesk.com\/\" target=\"_blank\" rel=\"noopener\">soft gestiune hoteriel\u0103<\/a>\r\n\t\t<\/div>\r\n\t<\/div>\r\n<\/section>","protected":false},"excerpt":{"rendered":"<p>soft gestiune hoteriel\u0103<\/p>","protected":false},"author":1,"featured_media":0,"parent":0,"menu_order":0,"comment_status":"closed","ping_status":"closed","template":"","meta":{"inline_featured_image":false,"footnotes":""},"class_list":["post-3053","page","type-page","status-publish","hentry"],"yoast_head":"<!-- This site is optimized with the Yoast SEO plugin v25.5 - https:\/\/yoast.com\/wordpress\/plugins\/seo\/ -->\n<title>Rezerv\u0103 - Gr\u0103dinile Romane<\/title>\n<meta name=\"robots\" content=\"index, follow, max-snippet:-1, max-image-preview:large, max-video-preview:-1\" \/>\n<link rel=\"canonical\" href=\"https:\/\/gradinileromane.ro\/en\/rezerva\/\" \/>\n<meta property=\"og:locale\" content=\"en_US\" \/>\n<meta property=\"og:type\" content=\"article\" \/>\n<meta property=\"og:title\" content=\"Rezerv\u0103 - Gr\u0103dinile Romane\" \/>\n<meta property=\"og:description\" content=\"soft gestiune hoteriel\u0103\" \/>\n<meta property=\"og:url\" content=\"https:\/\/gradinileromane.ro\/en\/rezerva\/\" \/>\n<meta property=\"og:site_name\" content=\"Gr\u0103dinile Romane\" \/>\n<meta property=\"article:modified_time\" content=\"2025-06-10T11:55:57+00:00\" \/>\n<meta name=\"twitter:card\" content=\"summary_large_image\" \/>\n<meta name=\"twitter:label1\" content=\"Est. reading time\" \/>\n\t<meta name=\"twitter:data1\" content=\"1 minute\" \/>\n<script type=\"application\/ld+json\" class=\"yoast-schema-graph\">{\"@context\":\"https:\/\/schema.org\",\"@graph\":[{\"@type\":\"WebPage\",\"@id\":\"https:\/\/gradinileromane.ro\/rezerva\/\",\"url\":\"https:\/\/gradinileromane.ro\/rezerva\/\",\"name\":\"Rezerv\u0103 - Gr\u0103dinile Romane\",\"isPartOf\":{\"@id\":\"https:\/\/gradinileromane.ro\/#website\"},\"datePublished\":\"2024-02-08T19:53:51+00:00\",\"dateModified\":\"2025-06-10T11:55:57+00:00\",\"breadcrumb\":{\"@id\":\"https:\/\/gradinileromane.ro\/rezerva\/#breadcrumb\"},\"inLanguage\":\"en\",\"potentialAction\":[{\"@type\":\"ReadAction\",\"target\":[\"https:\/\/gradinileromane.ro\/rezerva\/\"]}]},{\"@type\":\"BreadcrumbList\",\"@id\":\"https:\/\/gradinileromane.ro\/rezerva\/#breadcrumb\",\"itemListElement\":[{\"@type\":\"ListItem\",\"position\":1,\"name\":\"Prima pagin\u0103\",\"item\":\"https:\/\/gradinileromane.ro\/\"},{\"@type\":\"ListItem\",\"position\":2,\"name\":\"Rezerv\u0103\"}]},{\"@type\":\"WebSite\",\"@id\":\"https:\/\/gradinileromane.ro\/#website\",\"url\":\"https:\/\/gradinileromane.ro\/\",\"name\":\"Gr\u0103dinile Romane\",\"description\":\"Locul unde relaxarea devine art\u0103\",\"potentialAction\":[{\"@type\":\"SearchAction\",\"target\":{\"@type\":\"EntryPoint\",\"urlTemplate\":\"https:\/\/gradinileromane.ro\/?s={search_term_string}\"},\"query-input\":{\"@type\":\"PropertyValueSpecification\",\"valueRequired\":true,\"valueName\":\"search_term_string\"}}],\"inLanguage\":\"en\"}]}<\/script>\n<!-- \/ Yoast SEO plugin. -->","yoast_head_json":{"title":"Rezerv\u0103 - Gr\u0103dinile Romane","robots":{"index":"index","follow":"follow","max-snippet":"max-snippet:-1","max-image-preview":"max-image-preview:large","max-video-preview":"max-video-preview:-1"},"canonical":"https:\/\/gradinileromane.ro\/en\/rezerva\/","og_locale":"en_US","og_type":"article","og_title":"Rezerv\u0103 - Gr\u0103dinile Romane","og_description":"soft gestiune hoteriel\u0103","og_url":"https:\/\/gradinileromane.ro\/en\/rezerva\/","og_site_name":"Gr\u0103dinile Romane","article_modified_time":"2025-06-10T11:55:57+00:00","twitter_card":"summary_large_image","twitter_misc":{"Est. reading time":"1 minute"},"schema":{"@context":"https:\/\/schema.org","@graph":[{"@type":"WebPage","@id":"https:\/\/gradinileromane.ro\/rezerva\/","url":"https:\/\/gradinileromane.ro\/rezerva\/","name":"Rezerv\u0103 - Gr\u0103dinile Romane","isPartOf":{"@id":"https:\/\/gradinileromane.ro\/#website"},"datePublished":"2024-02-08T19:53:51+00:00","dateModified":"2025-06-10T11:55:57+00:00","breadcrumb":{"@id":"https:\/\/gradinileromane.ro\/rezerva\/#breadcrumb"},"inLanguage":"en","potentialAction":[{"@type":"ReadAction","target":["https:\/\/gradinileromane.ro\/rezerva\/"]}]},{"@type":"BreadcrumbList","@id":"https:\/\/gradinileromane.ro\/rezerva\/#breadcrumb","itemListElement":[{"@type":"ListItem","position":1,"name":"Prima pagin\u0103","item":"https:\/\/gradinileromane.ro\/"},{"@type":"ListItem","position":2,"name":"Rezerv\u0103"}]},{"@type":"WebSite","@id":"https:\/\/gradinileromane.ro\/#website","url":"https:\/\/gradinileromane.ro\/","name":"Gr\u0103dinile Romane","description":"Locul unde relaxarea devine art\u0103","potentialAction":[{"@type":"SearchAction","target":{"@type":"EntryPoint","urlTemplate":"https:\/\/gradinileromane.ro\/?s={search_term_string}"},"query-input":{"@type":"PropertyValueSpecification","valueRequired":true,"valueName":"search_term_string"}}],"inLanguage":"en"}]}},"_links":{"self":[{"href":"https:\/\/gradinileromane.ro\/en\/wp-json\/wp\/v2\/pages\/3053","targetHints":{"allow":["GET"]}}],"collection":[{"href":"https:\/\/gradinileromane.ro\/en\/wp-json\/wp\/v2\/pages"}],"about":[{"href":"https:\/\/gradinileromane.ro\/en\/wp-json\/wp\/v2\/types\/page"}],"author":[{"embeddable":true,"href":"https:\/\/gradinileromane.ro\/en\/wp-json\/wp\/v2\/users\/1"}],"replies":[{"embeddable":true,"href":"https:\/\/gradinileromane.ro\/en\/wp-json\/wp\/v2\/comments?post=3053"}],"version-history":[{"count":0,"href":"https:\/\/gradinileromane.ro\/en\/wp-json\/wp\/v2\/pages\/3053\/revisions"}],"wp:attachment":[{"href":"https:\/\/gradinileromane.ro\/en\/wp-json\/wp\/v2\/media?parent=3053"}],"curies":[{"name":"wp","href":"https:\/\/api.w.org\/{rel}","templated":true}]}}