{"id":330,"date":"2023-12-04T18:14:24","date_gmt":"2023-12-04T18:14:24","guid":{"rendered":"https:\/\/gradinileromane.ro\/?page_id=330"},"modified":"2024-01-30T10:38:36","modified_gmt":"2024-01-30T10:38:36","slug":"regulile-casei","status":"publish","type":"page","link":"https:\/\/gradinileromane.ro\/en\/regulile-casei\/","title":{"rendered":"House rules"},"content":{"rendered":"<section class=\"container mb-10\" data-aos=\"fade-up\">\r\n    <div class=\"h-[300px] flex justify-center items-center relative overflow-hidden rounded-3xl lg:h-[400px] xl:h-[500px]\">\r\n\t\t<div class=\"relative p-10 z-10\" data-aos=\"fade-up\" data-aos-duration=\"2000\">\r\n\t\t\t<span class=\"text-xs text-primary font-medium tracking-widest uppercase flex justify-center mb-1 md:mb-3\">gr\u0103dinile rom\u00e2ne<\/span>\r\n\t\t\t<h1 class=\"max-w-md text-4xl text-slate-200 font-kalnia tracking-tight text-center mx-auto mb-2.5 md:max-w-lg md:text-6xl md:mb-5 xl:max-w-xl xl:text-7xl\">regulile casei<\/h1>\r\n\t\t\t<p class=\"max-w-xs text-slate-300 text-center mx-auto md:max-w-lg xl:max-w-xl xl:text-lg\">Scopul nostru este acela de a v\u0103 oferi o experien\u021b\u0103 cu adev\u0103rat minunat\u0103 la Gr\u0103dinile Romane.<\/p>\r\n\t\t<\/div>\r\n        <video class=\"video-background w-full h-full absolute top-0 left-0 -z-50\" loop no-controls muted autoplay src=\"https:\/\/gradinileromane.ro\/new\/wp-content\/uploads\/acasa.mp4\" poster=\"\"><\/video>\r\n        <div class=\"w-full h-full bg-gradient-to-t from-[#001b26] via-[#001b26]\/80 absolute left-0 bottom-0 rounded-2xl\"><\/div>\r\n    <\/div>\r\n<\/section>\r\n\r\n<section class=\"container\" data-aos=\"fade-up\">\r\n\t<div class=\"flex flex-col space-y-10 xl:flex-row xl:space-x-10 xl:space-y-0\">\r\n\t\t<div class=\"w-full bg-black\/20 p-7 rounded-2xl sm:p-10\">\r\n\t\t\t<span class=\"text-xs text-primary font-medium tracking-widest uppercase flex mb-1\">gr\u0103dinileromane.ro<\/span>\r\n\t\t\t<h3 class=\"text-2xl text-slate-200 leading-7 mb-2.5 sm:text-3xl sm:leading-8 sm:mb-3\">House rules<\/h3>\r\n\t\t\t<p class=\"mb-10\">Scopul nostru este acela de a v\u0103 oferi o experien\u021b\u0103 cu adev\u0103rat minunat\u0103 la \u201eGr\u0103dinile Romane&#8221;, de aceea v\u0103 invit\u0103m s\u0103 ave\u021bi amabilitatea de a parcurge prezentul document care \u00ee\u0219i dore\u0219te s\u0103 puncteze aspecte importante at\u00e2t pentru noi, \u00een calitate de gazde, c\u00e2t \u0219i pentru dumneavoastr\u0103, cei care ne onora\u021bi cu aceast\u0103 vizit\u0103.<\/p>\r\n\t\r\n\t\t\t<p><span class=\"text-xs text-primary font-medium tracking-widest uppercase\">01. <\/span> V\u0103 rug\u0103m s\u0103 respecta\u021bi programul de check-in \u0219i check-out. Anun\u021ba\u021bi-ne cu anticipare dac\u0103 ave\u021bi nevoie de check-in sau check-out timpuriu sau tardiv.<\/p>\r\n\t\t\t<p><span class=\"text-xs text-primary font-medium tracking-widest uppercase\">02. <\/span> Respecta\u021bi codul vestimentar \u00een diferitele zone ale hotelului \u0219i restaurantului.<\/p>\r\n\t\t\t<p><span class=\"text-xs text-primary font-medium tracking-widest uppercase\">03. <\/span> Nu este permis\u0103 consumarea de alimente \u0219i b\u0103uturi aduse din exterior \u00een restaurant, gr\u0103din\u0103, camere sau \u00een alte zone ale hotelului.<\/p>\r\n\t\t\t<p><span class=\"text-xs text-primary font-medium tracking-widest uppercase\">04. <\/span> Este strict interzis consumul de semin\u021be.<\/p>\r\n\t\t\t<p><span class=\"text-xs text-primary font-medium tracking-widest uppercase\">05. <\/span> Este strict interzis\u0103 folosirea dispozitivelor \u0219i playlist-urilor muzicale proprii \u00een spa\u021biile comune \u0219i pe terasele camerelor.<\/p>\r\n\t\t\t<p><span class=\"text-xs text-primary font-medium tracking-widest uppercase\">06. <\/span> Fumatul este interzis \u00een orice zon\u0103 interioar\u0103 a hotelului \u0219i restaurantului. Dac\u0103 dori\u021bi s\u0103 fuma\u021bi, v\u0103 rug\u0103m s\u0103 o face\u021bi doar \u00een zonele exterioare desemnate.<\/p>\r\n\t\t\t<p><span class=\"text-xs text-primary font-medium tracking-widest uppercase\">07. <\/span> V\u0103 rug\u0103m s\u0103 respecta\u021bi lini\u0219tea \u0219i confortul celorlal\u021bi oaspe\u021bi, evit\u00e2nd zgomotul \u00een exces \u00een spa\u021biile comune \u0219i \u00een camerele hotelului.<\/p>\r\n\t\t\t<p><span class=\"text-xs text-primary font-medium tracking-widest uppercase\">08. <\/span> Nu sunt acceptate animale de companie \u00een hotel \u0219i restaurant.<\/p>\r\n\t\t\t<p><span class=\"text-xs text-primary font-medium tracking-widest uppercase\">09. <\/span> Dac\u0103 ave\u021bi probleme de s\u0103n\u0103tate sau alergii alimentare, v\u0103 rug\u0103m s\u0103 ne informa\u021bi din timp pentru a v\u0103 putea oferi m\u00e2ncare sau servicii adecvate.<\/p>\r\n\t\t\t<p><span class=\"text-xs text-primary font-medium tracking-widest uppercase\">10. <\/span> V\u0103 rug\u0103m s\u0103 raporta\u021bi orice deteriorare sau defec\u021biune din camera dvs. pentru o remediere adecvat\u0103.<\/p>\r\n\t\t\t<p><span class=\"text-xs text-primary font-medium tracking-widest uppercase\">11. <\/span> Deteriorarea obiectelor din dotare atrage dup\u0103 sine plata sumei egale cu costul \u00eenlocuirii obiectului, inclusiv eventualele costuri de manoper\u0103.<\/p>\r\n\t\t\t<p><span class=\"text-xs text-primary font-medium tracking-widest uppercase\">12. <\/span> V\u0103 rug\u0103m s\u0103 p\u0103stra\u021bi cur\u0103\u021benia \u0219i s\u0103 nu l\u0103sa\u021bi obiecte personale \u00een spa\u021biile comune unde acestea ar putea provoca un deranj sau o dezordine.<\/p>\r\n\t\t\t<p><span class=\"text-xs text-primary font-medium tracking-widest uppercase\">13. <\/span> Respecta\u021bi \u0219i utiliza\u021bi \u00een mod corespunz\u0103tor facilit\u0103\u021bile \u0219i echipamentele hotelului \u0219i restaurantului.<\/p>\r\n\t\t\t<p><span class=\"text-xs text-primary font-medium tracking-widest uppercase\">14. <\/span> Comportamentul inadecvat poate duce la excluderea din hotel \u0219i restaurant \u0219i la imposibilitatea accesului ulterior \u00een loca\u021bia noastr\u0103.<\/p>\r\n\t\t\t<p><span class=\"text-xs text-primary font-medium tracking-widest uppercase\">15. <\/span> V\u0103 rug\u0103m s\u0103 nu l\u0103sa\u021bi copiii nesupraveghea\u021bi \u00een incinta propriet\u0103\u021bii noastre. Nu r\u0103spundem de eventualele accidente.<\/p>\r\n\t\t\t<p class=\"mb-10\"><span class=\"text-xs text-primary font-medium tracking-widest uppercase\">16. <\/span> Pentru orice probleme sau necesit\u0103\u021bi suplimentare, v\u0103 rug\u0103m s\u0103 v\u0103 adresa\u021bi personalului calificat al hotelului \u0219i restaurantului.<\/p>\r\n\t\t\t<p>V\u0103 mul\u021bumim c\u0103 a\u021bi ales hotelul \u0219i restaurantul nostru. Prezen\u021ba dumneavoastr\u0103 aici este un privilegiu pentru noi, iar prin acest regulament ne asigur\u0103m c\u0103 putem oferi tuturor clien\u021bilor no\u0219tri o experien\u021b\u0103 deosebit\u0103.<\/p>\r\n\t\t<\/div>\r\n\t\t<div class=\"flex flex-col items-stretch xl:w-72 xl:shrink-0 2xl:w-80\">\r\n\t\t\t<div class=\"sticky top-10\">\r\n\t\t\t\t<!-- wp:html -->\n<div class=\"hidden xl:flex xl:flex-col xl:space-y-10\">\r\n\t<div class=\"bg-primary p-7 rounded-2xl\">\r\n\t\t<form class=\"w-full grid gap-5\" onsubmit=\"submitForm(event)\" action=\"\">\r\n            <input type=\"hidden\" name=\"domain\" value=\"gradinileromane.com\">\r\n            <input type=\"hidden\" name=\"auth\" value=\"68e21a7083a591831ea67e78816f18bd\">\r\n            <input type=\"hidden\" name=\"auth1\" value=\"K6XMSaA2pqnqvBLauKG9O3rFhg2R6hcvAjv71uBQ\">\r\n            <div class=\"relative\">\r\n                <label class=\"text-white font-medium flex mb-1\" for=\"prima_zi\">When can we expect you?<\/label>\r\n                <input class=\"checkin_date w-full text-white bg-black\/10 font-medium pl-11 py-3 pr-5 tracking-tight rounded-lg transition-all hover:bg-black\/20 focus:bg-black\/20 focus:outline-none focus:shadow-outline placeholder:text-white\/50\" type=\"text\" name=\"prima_zi\" id=\"prima_zi\" placeholder=\"Select a day from the calendar\">\r\n                <svg xmlns=\"http:\/\/www.w3.org\/2000\/svg\" fill=\"none\" viewbox=\"0 0 24 24\" stroke-width=\"1.5\" stroke=\"currentColor\" class=\"w-6 h-6 text-white absolute bottom-3 left-3\"><path stroke-linecap=\"round\" stroke-linejoin=\"round\" d=\"M18 18.72a9.094 9.094 0 003.741-.479 3 3 0 00-4.682-2.72m.94 3.198l.001.031c0 .225-.012.447-.037.666A11.944 11.944 0 0112 21c-2.17 0-4.207-.576-5.963-1.584A6.062 6.062 0 016 18.719m12 0a5.971 5.971 0 00-.941-3.197m0 0A5.995 5.995 0 0012 12.75a5.995 5.995 0 00-5.058 2.772m0 0a3 3 0 00-4.681 2.72 8.986 8.986 0 003.74.477m.94-3.197a5.971 5.971 0 00-.94 3.197M15 6.75a3 3 0 11-6 0 3 3 0 016 0zm6 3a2.25 2.25 0 11-4.5 0 2.25 2.25 0 014.5 0zm-13.5 0a2.25 2.25 0 11-4.5 0 2.25 2.25 0 014.5 0z\" \/><\/svg>\r\n            <\/div>\r\n            <div class=\"relative\">\r\n                <label class=\"text-white font-medium flex mb-1\" for=\"ultima_zi\">Check-out<\/label>\r\n                <input class=\"checkout_date w-full text-white bg-black\/10 font-medium pl-11 py-3 pr-5 tracking-tight rounded-lg transition-all hover:bg-black\/20 focus:bg-black\/20 focus:outline-none focus:shadow-outline placeholder:text-white\/50\" type=\"text\" name=\"ultima_zi\" id=\"ultima_zi\" placeholder=\"Select a day from the calendar\">\r\n                <svg xmlns=\"http:\/\/www.w3.org\/2000\/svg\" fill=\"none\" viewbox=\"0 0 24 24\" stroke-width=\"1.5\" stroke=\"currentColor\" class=\"w-6 h-6 text-white absolute bottom-3 left-3\"><path stroke-linecap=\"round\" stroke-linejoin=\"round\" d=\"M15.75 9V5.25A2.25 2.25 0 0013.5 3h-6a2.25 2.25 0 00-2.25 2.25v13.5A2.25 2.25 0 007.5 21h6a2.25 2.25 0 002.25-2.25V15m3 0l3-3m0 0l-3-3m3 3H9\" \/><\/svg>\r\n            <\/div>\r\n            <button type=\"submit\" class=\"w-full text-slate-700 bg-white font-medium text-center p-3 rounded-full transition-all hover:cursor-pointer hover:ring hover:ring-black\/10\" value=\"Verific\u0103 disponibilitatea\">Check availability<\/button>\r\n        <input type=\"hidden\" name=\"trp-form-language\" value=\"en\"\/><\/form>\r\n\t<\/div>\r\n\t\r\n\t<div class=\"flex space-x-2.5\">\r\n\t\t<svg xmlns=\"http:\/\/www.w3.org\/2000\/svg\" fill=\"none\" viewbox=\"0 0 24 24\" stroke-width=\"1.5\" stroke=\"currentColor\" class=\"text-primary w-6 h-6 shrink-0\"><path stroke-linecap=\"round\" stroke-linejoin=\"round\" d=\"M11.25 11.25l.041-.02a.75.75 0 011.063.852l-.708 2.836a.75.75 0 001.063.853l.041-.021M21 12a9 9 0 11-18 0 9 9 0 0118 0zm-9-3.75h.008v.008H12V8.25z\" \/><\/svg>\r\n\t\t<span>V\u0103 inform\u0103m c\u0103 ultimii 600 de metri p\u00e2n\u0103 la loca\u021bie sunt pe un drum neasfaltat, conduce\u021bi prudent.<\/span>\r\n\t<\/div>\r\n<\/div>\n<!-- \/wp:html -->\r\n\t\t\t<\/div>\r\n\t\t<\/div>\r\n\t<\/div>\r\n<\/section>","protected":false},"excerpt":{"rendered":"<p>gr\u0103dinile rom\u00e2ne regulile casei Scopul nostru este acela de a v\u0103 oferi o experien\u021b\u0103 cu adev\u0103rat minunat\u0103 la Gr\u0103dinile Romane. gr\u0103dinileromane.ro Regulile casei Scopul nostru este acela de a v\u0103 oferi o experien\u021b\u0103 cu adev\u0103rat minunat\u0103 la \u201eGr\u0103dinile Romane&#8221;, de aceea v\u0103 invit\u0103m s\u0103 ave\u021bi amabilitatea de a parcurge prezentul document care \u00ee\u0219i dore\u0219te s\u0103 [&hellip;]<\/p>","protected":false},"author":1,"featured_media":0,"parent":0,"menu_order":0,"comment_status":"closed","ping_status":"closed","template":"","meta":{"inline_featured_image":false,"footnotes":""},"class_list":["post-330","page","type-page","status-publish","hentry"],"yoast_head":"<!-- This site is optimized with the Yoast SEO plugin v25.5 - https:\/\/yoast.com\/wordpress\/plugins\/seo\/ -->\n<title>Regulile casei - Gr\u0103dinile Romane<\/title>\n<meta name=\"description\" content=\"Descoper\u0103 regulile casei la pensiunea noastr\u0103 unde elegan\u021ba \u0219i confortul sunt prioritare. Bucur\u0103-te de servicii de lux \u0219i atmosfer\u0103 primitorie.\" \/>\n<meta name=\"robots\" content=\"index, follow, max-snippet:-1, max-image-preview:large, max-video-preview:-1\" \/>\n<link rel=\"canonical\" href=\"https:\/\/gradinileromane.ro\/en\/regulile-casei\/\" \/>\n<meta property=\"og:locale\" content=\"en_US\" \/>\n<meta property=\"og:type\" content=\"article\" \/>\n<meta property=\"og:title\" content=\"Regulile casei - Gr\u0103dinile Romane\" \/>\n<meta property=\"og:description\" content=\"Descoper\u0103 regulile casei la pensiunea noastr\u0103 unde elegan\u021ba \u0219i confortul sunt prioritare. Bucur\u0103-te de servicii de lux \u0219i atmosfer\u0103 primitorie.\" \/>\n<meta property=\"og:url\" content=\"https:\/\/gradinileromane.ro\/en\/regulile-casei\/\" \/>\n<meta property=\"og:site_name\" content=\"Gr\u0103dinile Romane\" \/>\n<meta property=\"article:modified_time\" content=\"2024-01-30T10:38:36+00:00\" \/>\n<meta name=\"twitter:card\" content=\"summary_large_image\" \/>\n<meta name=\"twitter:label1\" content=\"Est. reading time\" \/>\n\t<meta name=\"twitter:data1\" content=\"3 minutes\" \/>\n<script type=\"application\/ld+json\" class=\"yoast-schema-graph\">{\"@context\":\"https:\/\/schema.org\",\"@graph\":[{\"@type\":\"WebPage\",\"@id\":\"https:\/\/gradinileromane.ro\/regulile-casei\/\",\"url\":\"https:\/\/gradinileromane.ro\/regulile-casei\/\",\"name\":\"Regulile casei - Gr\u0103dinile Romane\",\"isPartOf\":{\"@id\":\"https:\/\/gradinileromane.ro\/#website\"},\"datePublished\":\"2023-12-04T18:14:24+00:00\",\"dateModified\":\"2024-01-30T10:38:36+00:00\",\"description\":\"Descoper\u0103 regulile casei la pensiunea noastr\u0103 unde elegan\u021ba \u0219i confortul sunt prioritare. Bucur\u0103-te de servicii de lux \u0219i atmosfer\u0103 primitorie.\",\"breadcrumb\":{\"@id\":\"https:\/\/gradinileromane.ro\/regulile-casei\/#breadcrumb\"},\"inLanguage\":\"en\",\"potentialAction\":[{\"@type\":\"ReadAction\",\"target\":[\"https:\/\/gradinileromane.ro\/regulile-casei\/\"]}]},{\"@type\":\"BreadcrumbList\",\"@id\":\"https:\/\/gradinileromane.ro\/regulile-casei\/#breadcrumb\",\"itemListElement\":[{\"@type\":\"ListItem\",\"position\":1,\"name\":\"Prima pagin\u0103\",\"item\":\"https:\/\/gradinileromane.ro\/\"},{\"@type\":\"ListItem\",\"position\":2,\"name\":\"Regulile casei\"}]},{\"@type\":\"WebSite\",\"@id\":\"https:\/\/gradinileromane.ro\/#website\",\"url\":\"https:\/\/gradinileromane.ro\/\",\"name\":\"Gr\u0103dinile Romane\",\"description\":\"Locul unde relaxarea devine art\u0103\",\"potentialAction\":[{\"@type\":\"SearchAction\",\"target\":{\"@type\":\"EntryPoint\",\"urlTemplate\":\"https:\/\/gradinileromane.ro\/?s={search_term_string}\"},\"query-input\":{\"@type\":\"PropertyValueSpecification\",\"valueRequired\":true,\"valueName\":\"search_term_string\"}}],\"inLanguage\":\"en\"}]}<\/script>\n<!-- \/ Yoast SEO plugin. -->","yoast_head_json":{"title":"Regulile casei - Gr\u0103dinile Romane","description":"Descoper\u0103 regulile casei la pensiunea noastr\u0103 unde elegan\u021ba \u0219i confortul sunt prioritare. Bucur\u0103-te de servicii de lux \u0219i atmosfer\u0103 primitorie.","robots":{"index":"index","follow":"follow","max-snippet":"max-snippet:-1","max-image-preview":"max-image-preview:large","max-video-preview":"max-video-preview:-1"},"canonical":"https:\/\/gradinileromane.ro\/en\/regulile-casei\/","og_locale":"en_US","og_type":"article","og_title":"Regulile casei - Gr\u0103dinile Romane","og_description":"Descoper\u0103 regulile casei la pensiunea noastr\u0103 unde elegan\u021ba \u0219i confortul sunt prioritare. Bucur\u0103-te de servicii de lux \u0219i atmosfer\u0103 primitorie.","og_url":"https:\/\/gradinileromane.ro\/en\/regulile-casei\/","og_site_name":"Gr\u0103dinile Romane","article_modified_time":"2024-01-30T10:38:36+00:00","twitter_card":"summary_large_image","twitter_misc":{"Est. reading time":"3 minutes"},"schema":{"@context":"https:\/\/schema.org","@graph":[{"@type":"WebPage","@id":"https:\/\/gradinileromane.ro\/regulile-casei\/","url":"https:\/\/gradinileromane.ro\/regulile-casei\/","name":"Regulile casei - Gr\u0103dinile Romane","isPartOf":{"@id":"https:\/\/gradinileromane.ro\/#website"},"datePublished":"2023-12-04T18:14:24+00:00","dateModified":"2024-01-30T10:38:36+00:00","description":"Descoper\u0103 regulile casei la pensiunea noastr\u0103 unde elegan\u021ba \u0219i confortul sunt prioritare. Bucur\u0103-te de servicii de lux \u0219i atmosfer\u0103 primitorie.","breadcrumb":{"@id":"https:\/\/gradinileromane.ro\/regulile-casei\/#breadcrumb"},"inLanguage":"en","potentialAction":[{"@type":"ReadAction","target":["https:\/\/gradinileromane.ro\/regulile-casei\/"]}]},{"@type":"BreadcrumbList","@id":"https:\/\/gradinileromane.ro\/regulile-casei\/#breadcrumb","itemListElement":[{"@type":"ListItem","position":1,"name":"Prima pagin\u0103","item":"https:\/\/gradinileromane.ro\/"},{"@type":"ListItem","position":2,"name":"Regulile casei"}]},{"@type":"WebSite","@id":"https:\/\/gradinileromane.ro\/#website","url":"https:\/\/gradinileromane.ro\/","name":"Gr\u0103dinile Romane","description":"Locul unde relaxarea devine art\u0103","potentialAction":[{"@type":"SearchAction","target":{"@type":"EntryPoint","urlTemplate":"https:\/\/gradinileromane.ro\/?s={search_term_string}"},"query-input":{"@type":"PropertyValueSpecification","valueRequired":true,"valueName":"search_term_string"}}],"inLanguage":"en"}]}},"_links":{"self":[{"href":"https:\/\/gradinileromane.ro\/en\/wp-json\/wp\/v2\/pages\/330","targetHints":{"allow":["GET"]}}],"collection":[{"href":"https:\/\/gradinileromane.ro\/en\/wp-json\/wp\/v2\/pages"}],"about":[{"href":"https:\/\/gradinileromane.ro\/en\/wp-json\/wp\/v2\/types\/page"}],"author":[{"embeddable":true,"href":"https:\/\/gradinileromane.ro\/en\/wp-json\/wp\/v2\/users\/1"}],"replies":[{"embeddable":true,"href":"https:\/\/gradinileromane.ro\/en\/wp-json\/wp\/v2\/comments?post=330"}],"version-history":[{"count":0,"href":"https:\/\/gradinileromane.ro\/en\/wp-json\/wp\/v2\/pages\/330\/revisions"}],"wp:attachment":[{"href":"https:\/\/gradinileromane.ro\/en\/wp-json\/wp\/v2\/media?parent=330"}],"curies":[{"name":"wp","href":"https:\/\/api.w.org\/{rel}","templated":true}]}}