{"id":3473,"date":"2024-12-14T10:14:16","date_gmt":"2024-12-14T10:14:16","guid":{"rendered":"https:\/\/gradinileromane.ro\/?page_id=3473"},"modified":"2024-12-15T19:09:31","modified_gmt":"2024-12-15T19:09:31","slug":"articole","status":"publish","type":"page","link":"https:\/\/gradinileromane.ro\/en\/articole\/","title":{"rendered":"Articole"},"content":{"rendered":"<div class=\"container\">\r\n\t    <section class=\"mb-10\" data-aos=\"fade-up\">\r\n        <div class=\"h-[350px] bg-cover bg-center p-10 flex justify-center items-center relative rounded-3xl md:h-[400px] xl:h-[500px]\" style=\"background-image: url('\/wp-content\/uploads\/gradinile-romane-blog-cover.webp')\">\r\n            <div class=\"w-full h-full bg-gradient-to-t from-black\/80 via-black\/60 absolute left-0 bottom-0 rounded-3xl\"><\/div>\r\n            <div class=\"relative flex flex-col items-center\" data-aos=\"fade-up\" data-aos-duration=\"2000\">\r\n                <span class=\"text-xs text-primary font-medium tracking-widest uppercase mb-1 md:mb-2\">articole<\/span>\r\n                <h2 class=\"max-w-xs text-3xl text-slate-200 font-kalnia tracking-tight text-center mb-2.5 md:max-w-lg md:text-5xl md:mb-5 xl:max-w-2xl xl:text-6xl\">Locul unde pove\u0219tile prind via\u021b\u0103<\/h2>\r\n                <p class=\"max-w-md text-slate-300 text-center mb-7 md:max-w-lg md:text-lg md:mb-10\">Un spa\u021biu unic creat pentru momente de neuitat, unde natura \u0219i elegan\u021ba se \u00eempletesc armonios.<\/p>\r\n                <a class=\"text-sm text-white font-medium bg-primary pt-2 pb-2.5 px-5 rounded-full transition-all hover:ring hover:ring-primary\/20\" href=\"#articole\">vezi toate articolele<\/a>\r\n            <\/div>\r\n        <\/div>\r\n    <\/section>\r\n    <div class=\"flex flex-col space-y-10 xl:flex-row xl:space-x-10 xl:space-y-0\" data-aos=\"fade-up\"><div id=\"articole\" class=\"grid gap-10 lg:grid-cols-2 2xl:grid-cols-3 2xl:gap-5\">            <article>\r\n                <div class=\"w-full h-64 relative overflow-hidden rounded-2xl\">\r\n                                            <a href=\"https:\/\/gradinileromane.ro\/en\/cum-arata-o-zi-la-gradinile-romane-locul-unde-natura-iti-sopteste-sa-ramai\/\">\r\n                            <img loading=\"lazy\" decoding=\"async\" width=\"768\" height=\"576\" src=\"https:\/\/gradinileromane.ro\/wp-content\/uploads\/Cum-arata-o-zi-la-Gradinile-Romane-768x576.jpg\" class=\"w-full h-full absolute top-0 left-0 object-cover wp-post-image\" alt=\"\" srcset=\"https:\/\/gradinileromane.ro\/wp-content\/uploads\/Cum-arata-o-zi-la-Gradinile-Romane-768x576.jpg 768w, https:\/\/gradinileromane.ro\/wp-content\/uploads\/Cum-arata-o-zi-la-Gradinile-Romane-300x225.jpg 300w, https:\/\/gradinileromane.ro\/wp-content\/uploads\/Cum-arata-o-zi-la-Gradinile-Romane-1024x768.jpg 1024w, https:\/\/gradinileromane.ro\/wp-content\/uploads\/Cum-arata-o-zi-la-Gradinile-Romane-16x12.jpg 16w, https:\/\/gradinileromane.ro\/wp-content\/uploads\/Cum-arata-o-zi-la-Gradinile-Romane.jpg 1080w\" sizes=\"auto, (max-width: 768px) 100vw, 768px\" \/>                        <\/a>\r\n                                    <\/div>\r\n                <div class=\"bg-black\/20 mt-2.5 p-7 rounded-2xl sm:p-9\">\r\n                    <span class=\"text-xs text-primary font-medium tracking-widest uppercase flex mb-0.5\">articol<\/span>\r\n                    <h2 class=\"text-xl text-slate-200 leading-7 mb-2.5\"><a href=\"https:\/\/gradinileromane.ro\/en\/cum-arata-o-zi-la-gradinile-romane-locul-unde-natura-iti-sopteste-sa-ramai\/\">Cum arat\u0103 o zi la Gr\u0103dinile Romane: locul unde natura \u00ee\u021bi \u0219opte\u0219te s\u0103 r\u0103m\u00e2i<\/a><\/h2>\r\n                    <p><p>Imagineaz\u0103-\u021bi c\u0103 \u00eencepi ziua cu o priveli\u0219te care \u00ee\u021bi taie respira\u021bia: razele soarelui m\u00e2ng\u00e2ie lini\u0219tea lacului Bicaz, iar p\u0103s\u0103rile \u00ee\u021bi c\u00e2nt\u0103 un bun venit discret.<\/p>\n<\/p>\r\n                    <a class=\"text-sm text-white font-medium bg-primary inline-flex mt-5 pt-2 pb-2.5 px-5 rounded-full transition-all hover:ring hover:ring-primary\/20\" href=\"https:\/\/gradinileromane.ro\/en\/cum-arata-o-zi-la-gradinile-romane-locul-unde-natura-iti-sopteste-sa-ramai\/\">cite\u0219te articolul<\/a>\r\n                <\/div>\r\n            <\/article>\r\n        <\/div><div class=\"flex flex-col items-stretch xl:w-72 xl:shrink-0 2xl:w-80\"><!-- wp:html -->\n<div class=\"hidden xl:flex xl:flex-col xl:space-y-10\">\r\n\t<div class=\"bg-primary p-7 rounded-2xl\">\r\n\t\t<form class=\"w-full grid gap-5\" onsubmit=\"submitForm(event)\" action=\"\">\r\n            <input type=\"hidden\" name=\"domain\" value=\"gradinileromane.com\">\r\n            <input type=\"hidden\" name=\"auth\" value=\"68e21a7083a591831ea67e78816f18bd\">\r\n            <input type=\"hidden\" name=\"auth1\" value=\"K6XMSaA2pqnqvBLauKG9O3rFhg2R6hcvAjv71uBQ\">\r\n            <div class=\"relative\">\r\n                <label class=\"text-white font-medium flex mb-1\" for=\"prima_zi\">When can we expect you?<\/label>\r\n                <input class=\"checkin_date w-full text-white bg-black\/10 font-medium pl-11 py-3 pr-5 tracking-tight rounded-lg transition-all hover:bg-black\/20 focus:bg-black\/20 focus:outline-none focus:shadow-outline placeholder:text-white\/50\" type=\"text\" name=\"prima_zi\" id=\"prima_zi\" placeholder=\"Select a day from the calendar\">\r\n                <svg xmlns=\"http:\/\/www.w3.org\/2000\/svg\" fill=\"none\" viewbox=\"0 0 24 24\" stroke-width=\"1.5\" stroke=\"currentColor\" class=\"w-6 h-6 text-white absolute bottom-3 left-3\"><path stroke-linecap=\"round\" stroke-linejoin=\"round\" d=\"M18 18.72a9.094 9.094 0 003.741-.479 3 3 0 00-4.682-2.72m.94 3.198l.001.031c0 .225-.012.447-.037.666A11.944 11.944 0 0112 21c-2.17 0-4.207-.576-5.963-1.584A6.062 6.062 0 016 18.719m12 0a5.971 5.971 0 00-.941-3.197m0 0A5.995 5.995 0 0012 12.75a5.995 5.995 0 00-5.058 2.772m0 0a3 3 0 00-4.681 2.72 8.986 8.986 0 003.74.477m.94-3.197a5.971 5.971 0 00-.94 3.197M15 6.75a3 3 0 11-6 0 3 3 0 016 0zm6 3a2.25 2.25 0 11-4.5 0 2.25 2.25 0 014.5 0zm-13.5 0a2.25 2.25 0 11-4.5 0 2.25 2.25 0 014.5 0z\" \/><\/svg>\r\n            <\/div>\r\n            <div class=\"relative\">\r\n                <label class=\"text-white font-medium flex mb-1\" for=\"ultima_zi\">Check-out<\/label>\r\n                <input class=\"checkout_date w-full text-white bg-black\/10 font-medium pl-11 py-3 pr-5 tracking-tight rounded-lg transition-all hover:bg-black\/20 focus:bg-black\/20 focus:outline-none focus:shadow-outline placeholder:text-white\/50\" type=\"text\" name=\"ultima_zi\" id=\"ultima_zi\" placeholder=\"Select a day from the calendar\">\r\n                <svg xmlns=\"http:\/\/www.w3.org\/2000\/svg\" fill=\"none\" viewbox=\"0 0 24 24\" stroke-width=\"1.5\" stroke=\"currentColor\" class=\"w-6 h-6 text-white absolute bottom-3 left-3\"><path stroke-linecap=\"round\" stroke-linejoin=\"round\" d=\"M15.75 9V5.25A2.25 2.25 0 0013.5 3h-6a2.25 2.25 0 00-2.25 2.25v13.5A2.25 2.25 0 007.5 21h6a2.25 2.25 0 002.25-2.25V15m3 0l3-3m0 0l-3-3m3 3H9\" \/><\/svg>\r\n            <\/div>\r\n            <button type=\"submit\" class=\"w-full text-slate-700 bg-white font-medium text-center p-3 rounded-full transition-all hover:cursor-pointer hover:ring hover:ring-black\/10\" value=\"Verific\u0103 disponibilitatea\">Check availability<\/button>\r\n        <input type=\"hidden\" name=\"trp-form-language\" value=\"en\"\/><\/form>\r\n\t<\/div>\r\n\t\r\n\t<div class=\"flex space-x-2.5\">\r\n\t\t<svg xmlns=\"http:\/\/www.w3.org\/2000\/svg\" fill=\"none\" viewbox=\"0 0 24 24\" stroke-width=\"1.5\" stroke=\"currentColor\" class=\"text-primary w-6 h-6 shrink-0\"><path stroke-linecap=\"round\" stroke-linejoin=\"round\" d=\"M11.25 11.25l.041-.02a.75.75 0 011.063.852l-.708 2.836a.75.75 0 001.063.853l.041-.021M21 12a9 9 0 11-18 0 9 9 0 0118 0zm-9-3.75h.008v.008H12V8.25z\" \/><\/svg>\r\n\t\t<span>V\u0103 inform\u0103m c\u0103 ultimii 600 de metri p\u00e2n\u0103 la loca\u021bie sunt pe un drum neasfaltat, conduce\u021bi prudent.<\/span>\r\n\t<\/div>\r\n<\/div>\n<!-- \/wp:html --><\/div><\/div>\r\n<\/div>","protected":false},"excerpt":{"rendered":"","protected":false},"author":1,"featured_media":0,"parent":0,"menu_order":0,"comment_status":"closed","ping_status":"closed","template":"","meta":{"inline_featured_image":false,"footnotes":""},"class_list":["post-3473","page","type-page","status-publish","hentry"],"yoast_head":"<!-- This site is optimized with the Yoast SEO plugin v25.5 - https:\/\/yoast.com\/wordpress\/plugins\/seo\/ -->\n<title>Articole - Gr\u0103dinile Romane<\/title>\n<meta name=\"robots\" content=\"index, follow, max-snippet:-1, max-image-preview:large, max-video-preview:-1\" \/>\n<link rel=\"canonical\" href=\"https:\/\/gradinileromane.ro\/en\/articole\/\" \/>\n<meta property=\"og:locale\" content=\"en_US\" \/>\n<meta property=\"og:type\" content=\"article\" \/>\n<meta property=\"og:title\" content=\"Articole - Gr\u0103dinile Romane\" \/>\n<meta property=\"og:url\" content=\"https:\/\/gradinileromane.ro\/en\/articole\/\" \/>\n<meta property=\"og:site_name\" content=\"Gr\u0103dinile Romane\" \/>\n<meta property=\"article:modified_time\" content=\"2024-12-15T19:09:31+00:00\" \/>\n<meta name=\"twitter:card\" content=\"summary_large_image\" \/>\n<meta name=\"twitter:label1\" content=\"Est. reading time\" \/>\n\t<meta name=\"twitter:data1\" content=\"1 minute\" \/>\n<script type=\"application\/ld+json\" class=\"yoast-schema-graph\">{\"@context\":\"https:\/\/schema.org\",\"@graph\":[{\"@type\":\"WebPage\",\"@id\":\"https:\/\/gradinileromane.ro\/articole\/\",\"url\":\"https:\/\/gradinileromane.ro\/articole\/\",\"name\":\"Articole - Gr\u0103dinile Romane\",\"isPartOf\":{\"@id\":\"https:\/\/gradinileromane.ro\/#website\"},\"datePublished\":\"2024-12-14T10:14:16+00:00\",\"dateModified\":\"2024-12-15T19:09:31+00:00\",\"breadcrumb\":{\"@id\":\"https:\/\/gradinileromane.ro\/articole\/#breadcrumb\"},\"inLanguage\":\"en\",\"potentialAction\":[{\"@type\":\"ReadAction\",\"target\":[\"https:\/\/gradinileromane.ro\/articole\/\"]}]},{\"@type\":\"BreadcrumbList\",\"@id\":\"https:\/\/gradinileromane.ro\/articole\/#breadcrumb\",\"itemListElement\":[{\"@type\":\"ListItem\",\"position\":1,\"name\":\"Prima pagin\u0103\",\"item\":\"https:\/\/gradinileromane.ro\/\"},{\"@type\":\"ListItem\",\"position\":2,\"name\":\"Articole\"}]},{\"@type\":\"WebSite\",\"@id\":\"https:\/\/gradinileromane.ro\/#website\",\"url\":\"https:\/\/gradinileromane.ro\/\",\"name\":\"Gr\u0103dinile Romane\",\"description\":\"Locul unde relaxarea devine art\u0103\",\"potentialAction\":[{\"@type\":\"SearchAction\",\"target\":{\"@type\":\"EntryPoint\",\"urlTemplate\":\"https:\/\/gradinileromane.ro\/?s={search_term_string}\"},\"query-input\":{\"@type\":\"PropertyValueSpecification\",\"valueRequired\":true,\"valueName\":\"search_term_string\"}}],\"inLanguage\":\"en\"}]}<\/script>\n<!-- \/ Yoast SEO plugin. -->","yoast_head_json":{"title":"Articole - Gr\u0103dinile Romane","robots":{"index":"index","follow":"follow","max-snippet":"max-snippet:-1","max-image-preview":"max-image-preview:large","max-video-preview":"max-video-preview:-1"},"canonical":"https:\/\/gradinileromane.ro\/en\/articole\/","og_locale":"en_US","og_type":"article","og_title":"Articole - Gr\u0103dinile Romane","og_url":"https:\/\/gradinileromane.ro\/en\/articole\/","og_site_name":"Gr\u0103dinile Romane","article_modified_time":"2024-12-15T19:09:31+00:00","twitter_card":"summary_large_image","twitter_misc":{"Est. reading time":"1 minute"},"schema":{"@context":"https:\/\/schema.org","@graph":[{"@type":"WebPage","@id":"https:\/\/gradinileromane.ro\/articole\/","url":"https:\/\/gradinileromane.ro\/articole\/","name":"Articole - Gr\u0103dinile Romane","isPartOf":{"@id":"https:\/\/gradinileromane.ro\/#website"},"datePublished":"2024-12-14T10:14:16+00:00","dateModified":"2024-12-15T19:09:31+00:00","breadcrumb":{"@id":"https:\/\/gradinileromane.ro\/articole\/#breadcrumb"},"inLanguage":"en","potentialAction":[{"@type":"ReadAction","target":["https:\/\/gradinileromane.ro\/articole\/"]}]},{"@type":"BreadcrumbList","@id":"https:\/\/gradinileromane.ro\/articole\/#breadcrumb","itemListElement":[{"@type":"ListItem","position":1,"name":"Prima pagin\u0103","item":"https:\/\/gradinileromane.ro\/"},{"@type":"ListItem","position":2,"name":"Articole"}]},{"@type":"WebSite","@id":"https:\/\/gradinileromane.ro\/#website","url":"https:\/\/gradinileromane.ro\/","name":"Gr\u0103dinile Romane","description":"Locul unde relaxarea devine art\u0103","potentialAction":[{"@type":"SearchAction","target":{"@type":"EntryPoint","urlTemplate":"https:\/\/gradinileromane.ro\/?s={search_term_string}"},"query-input":{"@type":"PropertyValueSpecification","valueRequired":true,"valueName":"search_term_string"}}],"inLanguage":"en"}]}},"_links":{"self":[{"href":"https:\/\/gradinileromane.ro\/en\/wp-json\/wp\/v2\/pages\/3473","targetHints":{"allow":["GET"]}}],"collection":[{"href":"https:\/\/gradinileromane.ro\/en\/wp-json\/wp\/v2\/pages"}],"about":[{"href":"https:\/\/gradinileromane.ro\/en\/wp-json\/wp\/v2\/types\/page"}],"author":[{"embeddable":true,"href":"https:\/\/gradinileromane.ro\/en\/wp-json\/wp\/v2\/users\/1"}],"replies":[{"embeddable":true,"href":"https:\/\/gradinileromane.ro\/en\/wp-json\/wp\/v2\/comments?post=3473"}],"version-history":[{"count":0,"href":"https:\/\/gradinileromane.ro\/en\/wp-json\/wp\/v2\/pages\/3473\/revisions"}],"wp:attachment":[{"href":"https:\/\/gradinileromane.ro\/en\/wp-json\/wp\/v2\/media?parent=3473"}],"curies":[{"name":"wp","href":"https:\/\/api.w.org\/{rel}","templated":true}]}}