{"id":6,"date":"2023-11-30T17:39:04","date_gmt":"2023-11-30T17:39:04","guid":{"rendered":"https:\/\/gradinileromane.ro\/?page_id=6"},"modified":"2023-11-30T17:40:43","modified_gmt":"2023-11-30T17:40:43","slug":"mentenanta","status":"publish","type":"page","link":"https:\/\/gradinileromane.ro\/en\/mentenanta\/","title":{"rendered":"Mentenan\u021b\u0103"},"content":{"rendered":"<section class=\"container flex items-center justify-between mb-7 pt-5 md:mb-14\">\n\t<div class=\"flex flex space-x-2 mt-3.5\">\n\t\t<a class=\"transition-all hover:text-white\" href=\"https:\/\/www.instagram.com\/gradinileromane\/\"><svg viewbox=\"0 0 24 24\" width=\"22\" height=\"22\" stroke=\"currentColor\" stroke-width=\"1.5\" fill=\"none\" stroke-linecap=\"round\" stroke-linejoin=\"round\"><rect x=\"2\" y=\"2\" width=\"20\" height=\"20\" rx=\"5\" ry=\"5\"><\/rect><path d=\"M16 11.37A4 4 0 1 1 12.63 8 4 4 0 0 1 16 11.37z\"><\/path><line x1=\"17.5\" y1=\"6.5\" x2=\"17.51\" y2=\"6.5\"><\/line><\/svg><\/a>\n\t\t<a class=\"transition-all hover:text-white\" href=\"https:\/\/www.facebook.com\/gradinileromane\"><svg viewbox=\"0 0 24 24\" width=\"22\" height=\"22\" stroke=\"currentColor\" stroke-width=\"1.5\" fill=\"none\" stroke-linecap=\"round\" stroke-linejoin=\"round\"><path d=\"M18 2h-3a5 5 0 0 0-5 5v3H7v4h3v8h4v-8h3l1-4h-4V7a1 1 0 0 1 1-1h3z\"><\/path><\/svg><\/a>\n\t<\/div>\n\t<a href=\"\/en\/.\/\"><img decoding=\"async\" class=\"h-12 mx-12 sm:h-16\" src=\"https:\/\/gradinileromane.ro\/new\/wp-content\/uploads\/logo.svg\"><\/a>\n\t<div class=\"flex items-center space-x-3 mt-3.5\">\n\t\t<a href=\"tel:+400752804617\"><svg viewbox=\"0 0 24 24\" width=\"22\" height=\"22\" stroke=\"currentColor\" stroke-width=\"1.5\" fill=\"none\" stroke-linecap=\"round\" stroke-linejoin=\"round\" class=\"css-i6dzq1\"><path d=\"M15.05 5A5 5 0 0 1 19 8.95M15.05 1A9 9 0 0 1 23 8.94m-1 7.98v3a2 2 0 0 1-2.18 2 19.79 19.79 0 0 1-8.63-3.07 19.5 19.5 0 0 1-6-6 19.79 19.79 0 0 1-3.07-8.67A2 2 0 0 1 4.11 2h3a2 2 0 0 1 2 1.72 12.84 12.84 0 0 0 .7 2.81 2 2 0 0 1-.45 2.11L8.09 9.91a16 16 0 0 0 6 6l1.27-1.27a2 2 0 0 1 2.11-.45 12.84 12.84 0 0 0 2.81.7A2 2 0 0 1 22 16.92z\"><\/path><\/svg><\/a>\n\t\t<a href=\"mailto:gradinileromane@gmail.com\"><svg viewbox=\"0 0 24 24\" width=\"22\" height=\"22\" stroke=\"currentColor\" stroke-width=\"1.5\" fill=\"none\" stroke-linecap=\"round\" stroke-linejoin=\"round\" class=\"css-i6dzq1\"><circle cx=\"12\" cy=\"12\" r=\"4\"><\/circle><path d=\"M16 8v5a3 3 0 0 0 6 0v-1a10 10 0 1 0-3.92 7.94\"><\/path><\/svg><\/a>\n\t<\/div>\n<\/section>\n\n<section class=\"container relative\">\n\t<div class=\"w-[140px] absolute inset-x-1\/2 -top-[14px] -ml-[71px]\">\n\t\t\t<span class=\"text-xs text-rose-100 bg-rose-700 font-medium py-1.5 px-4 rounded-full border-4 border-secondary\">mentenan\u021b\u0103 activ\u0103<\/span>\n\t\t<\/div>\n\t<div class=\"h-[400px] relative overflow-hidden rounded-3xl lg:h-[500px] xl:h-[700px]\">\n        <video class=\"video-background w-full h-full absolute top- left-0 -z-50\" loop no-controls muted autoplay src=\"https:\/\/gradinileromane.ro\/new\/wp-content\/uploads\/acasa.mp4\" poster=\"\"><\/video>\n        <div class=\"bg-gradient-to-t from-black\/25 w-full h-full absolute left-0 bottom-0 rounded-3xl\"><\/div>\n    <\/div>\n<\/section>\n<section class=\"container relative -mt-24\">\n    <div class=\"w-[calc(100%_-_2.5rem)] bg-primary mx-auto p-7 rounded-2xl md:w-[calc(100%_-_5rem)] md:p-10 xl:w-[calc(100%_-_10rem)] 2xl:w-[calc(100%_-_30rem)]\">\n        <form class=\"grid gap-3 lg:grid-cols-3 lg:items-end lg:gap-5\" target=\"arata_5stardesk\" action=\"https:\/\/5stardesk.com\/booking-engine\/gradinile-romane\" method=\"GET\">\n            <input type=\"hidden\" name=\"domain\" value=\"gradinileromane.com\">\n            <input type=\"hidden\" name=\"auth\" value=\"68e21a7083a591831ea67e78816f18bd\">\n            <input type=\"hidden\" name=\"auth1\" value=\"K6XMSaA2pqnqvBLauKG9O3rFhg2R6hcvAjv71uBQ\">\n            <div class=\"relative\">\n                <label class=\"text-white font-medium flex mb-1\" for=\"prima_zi\">When can we expect you?<\/label>\n                <input class=\"checkin_date w-full text-white bg-black\/10 font-medium pl-11 py-3 pr-5 tracking-tight rounded-lg transition-all hover:bg-black\/20 focus:bg-black\/20 focus:outline-none focus:shadow-outline placeholder:text-white\/50\" type=\"text\" name=\"prima_zi\" id=\"prima_zi\" placeholder=\"Select a day from the calendar\">\n                <svg xmlns=\"http:\/\/www.w3.org\/2000\/svg\" fill=\"none\" viewbox=\"0 0 24 24\" stroke-width=\"1.5\" stroke=\"currentColor\" class=\"w-6 h-6 text-white absolute bottom-3 left-3\"><path stroke-linecap=\"round\" stroke-linejoin=\"round\" d=\"M18 18.72a9.094 9.094 0 003.741-.479 3 3 0 00-4.682-2.72m.94 3.198l.001.031c0 .225-.012.447-.037.666A11.944 11.944 0 0112 21c-2.17 0-4.207-.576-5.963-1.584A6.062 6.062 0 016 18.719m12 0a5.971 5.971 0 00-.941-3.197m0 0A5.995 5.995 0 0012 12.75a5.995 5.995 0 00-5.058 2.772m0 0a3 3 0 00-4.681 2.72 8.986 8.986 0 003.74.477m.94-3.197a5.971 5.971 0 00-.94 3.197M15 6.75a3 3 0 11-6 0 3 3 0 016 0zm6 3a2.25 2.25 0 11-4.5 0 2.25 2.25 0 014.5 0zm-13.5 0a2.25 2.25 0 11-4.5 0 2.25 2.25 0 014.5 0z\" \/><\/svg>\n            <\/div>\n            <div class=\"relative\">\n                <label class=\"text-white font-medium flex mb-1\" for=\"ultima_zi\">Check-out<\/label>\n                <input class=\"checkout_date w-full text-white bg-black\/10 font-medium pl-11 py-3 pr-5 tracking-tight rounded-lg transition-all hover:bg-black\/20 focus:bg-black\/20 focus:outline-none focus:shadow-outline placeholder:text-white\/50\" type=\"text\" name=\"ultima_zi\" id=\"ultima_zi\" placeholder=\"Select a day from the calendar\">\n                <svg xmlns=\"http:\/\/www.w3.org\/2000\/svg\" fill=\"none\" viewbox=\"0 0 24 24\" stroke-width=\"1.5\" stroke=\"currentColor\" class=\"w-6 h-6 text-white absolute bottom-3 left-3\"><path stroke-linecap=\"round\" stroke-linejoin=\"round\" d=\"M15.75 9V5.25A2.25 2.25 0 0013.5 3h-6a2.25 2.25 0 00-2.25 2.25v13.5A2.25 2.25 0 007.5 21h6a2.25 2.25 0 002.25-2.25V15m3 0l3-3m0 0l-3-3m3 3H9\" \/><\/svg>\n            <\/div>\n\t\t\t<input class=\"w-full text-slate-700 bg-white font-medium text-center flex justify-center p-3 tracking-tight rounded-full transition-all hover:cursor-pointer hover:ring hover:ring-black\/10\" type=\"submit\" value=\"Check availability\">\n        <\/form>\n    <\/div>\n<\/section>\n\n<div class=\"my-2.5 text-center\">\n\t<a class=\"text-sm\" href=\"https:\/\/gradinileromane.ro\/en\/old\/\">mergi la vechiul site<\/a> |\n\t<a class=\"text-sm text-slate-200 font-medium\" href=\"https:\/\/www.gradinileromane.ro\/old\/ofertacraciun.php\">vezi oferta de cr\u0103ciun<\/a>\n<\/div>","protected":false},"excerpt":{"rendered":"<p>mentenan\u021b\u0103 activ\u0103 C\u00e2nd s\u0103 v\u0103 a\u0219tept\u0103m ? Check-out mergi la vechiul site | vezi oferta de cr\u0103ciun<\/p>","protected":false},"author":1,"featured_media":0,"parent":0,"menu_order":0,"comment_status":"closed","ping_status":"closed","template":"","meta":{"inline_featured_image":false,"footnotes":""},"class_list":["post-6","page","type-page","status-publish","hentry"],"yoast_head":"<!-- This site is optimized with the Yoast SEO plugin v25.5 - https:\/\/yoast.com\/wordpress\/plugins\/seo\/ -->\n<title>Mentenan\u021b\u0103 - Gr\u0103dinile Romane<\/title>\n<meta name=\"robots\" content=\"index, follow, max-snippet:-1, max-image-preview:large, max-video-preview:-1\" \/>\n<link rel=\"canonical\" href=\"https:\/\/gradinileromane.ro\/en\/mentenanta\/\" \/>\n<meta property=\"og:locale\" content=\"en_US\" \/>\n<meta property=\"og:type\" content=\"article\" \/>\n<meta property=\"og:title\" content=\"Mentenan\u021b\u0103 - Gr\u0103dinile Romane\" \/>\n<meta property=\"og:description\" content=\"mentenan\u021b\u0103 activ\u0103 C\u00e2nd s\u0103 v\u0103 a\u0219tept\u0103m ? Check-out mergi la vechiul site | vezi oferta de cr\u0103ciun\" \/>\n<meta property=\"og:url\" content=\"https:\/\/gradinileromane.ro\/en\/mentenanta\/\" \/>\n<meta property=\"og:site_name\" content=\"Gr\u0103dinile Romane\" \/>\n<meta property=\"article:modified_time\" content=\"2023-11-30T17:40:43+00:00\" \/>\n<meta property=\"og:image\" content=\"https:\/\/gradinileromane.ro\/new\/wp-content\/uploads\/logo.svg\" \/>\n<meta name=\"twitter:card\" content=\"summary_large_image\" \/>\n<script type=\"application\/ld+json\" class=\"yoast-schema-graph\">{\"@context\":\"https:\/\/schema.org\",\"@graph\":[{\"@type\":\"WebPage\",\"@id\":\"https:\/\/gradinileromane.ro\/mentenanta\/\",\"url\":\"https:\/\/gradinileromane.ro\/mentenanta\/\",\"name\":\"Mentenan\u021b\u0103 - Gr\u0103dinile Romane\",\"isPartOf\":{\"@id\":\"https:\/\/gradinileromane.ro\/#website\"},\"primaryImageOfPage\":{\"@id\":\"https:\/\/gradinileromane.ro\/mentenanta\/#primaryimage\"},\"image\":{\"@id\":\"https:\/\/gradinileromane.ro\/mentenanta\/#primaryimage\"},\"thumbnailUrl\":\"https:\/\/gradinileromane.ro\/new\/wp-content\/uploads\/logo.svg\",\"datePublished\":\"2023-11-30T17:39:04+00:00\",\"dateModified\":\"2023-11-30T17:40:43+00:00\",\"breadcrumb\":{\"@id\":\"https:\/\/gradinileromane.ro\/mentenanta\/#breadcrumb\"},\"inLanguage\":\"en\",\"potentialAction\":[{\"@type\":\"ReadAction\",\"target\":[\"https:\/\/gradinileromane.ro\/mentenanta\/\"]}]},{\"@type\":\"ImageObject\",\"inLanguage\":\"en\",\"@id\":\"https:\/\/gradinileromane.ro\/mentenanta\/#primaryimage\",\"url\":\"https:\/\/gradinileromane.ro\/new\/wp-content\/uploads\/logo.svg\",\"contentUrl\":\"https:\/\/gradinileromane.ro\/new\/wp-content\/uploads\/logo.svg\"},{\"@type\":\"BreadcrumbList\",\"@id\":\"https:\/\/gradinileromane.ro\/mentenanta\/#breadcrumb\",\"itemListElement\":[{\"@type\":\"ListItem\",\"position\":1,\"name\":\"Prima pagin\u0103\",\"item\":\"https:\/\/gradinileromane.ro\/\"},{\"@type\":\"ListItem\",\"position\":2,\"name\":\"Mentenan\u021b\u0103\"}]},{\"@type\":\"WebSite\",\"@id\":\"https:\/\/gradinileromane.ro\/#website\",\"url\":\"https:\/\/gradinileromane.ro\/\",\"name\":\"Gr\u0103dinile Romane\",\"description\":\"Locul unde relaxarea devine art\u0103\",\"potentialAction\":[{\"@type\":\"SearchAction\",\"target\":{\"@type\":\"EntryPoint\",\"urlTemplate\":\"https:\/\/gradinileromane.ro\/?s={search_term_string}\"},\"query-input\":{\"@type\":\"PropertyValueSpecification\",\"valueRequired\":true,\"valueName\":\"search_term_string\"}}],\"inLanguage\":\"en\"}]}<\/script>\n<!-- \/ Yoast SEO plugin. -->","yoast_head_json":{"title":"Mentenan\u021b\u0103 - Gr\u0103dinile Romane","robots":{"index":"index","follow":"follow","max-snippet":"max-snippet:-1","max-image-preview":"max-image-preview:large","max-video-preview":"max-video-preview:-1"},"canonical":"https:\/\/gradinileromane.ro\/en\/mentenanta\/","og_locale":"en_US","og_type":"article","og_title":"Mentenan\u021b\u0103 - Gr\u0103dinile Romane","og_description":"mentenan\u021b\u0103 activ\u0103 C\u00e2nd s\u0103 v\u0103 a\u0219tept\u0103m ? Check-out mergi la vechiul site | vezi oferta de cr\u0103ciun","og_url":"https:\/\/gradinileromane.ro\/en\/mentenanta\/","og_site_name":"Gr\u0103dinile Romane","article_modified_time":"2023-11-30T17:40:43+00:00","og_image":[{"url":"https:\/\/gradinileromane.ro\/new\/wp-content\/uploads\/logo.svg","type":"","width":"","height":""}],"twitter_card":"summary_large_image","schema":{"@context":"https:\/\/schema.org","@graph":[{"@type":"WebPage","@id":"https:\/\/gradinileromane.ro\/mentenanta\/","url":"https:\/\/gradinileromane.ro\/mentenanta\/","name":"Mentenan\u021b\u0103 - Gr\u0103dinile Romane","isPartOf":{"@id":"https:\/\/gradinileromane.ro\/#website"},"primaryImageOfPage":{"@id":"https:\/\/gradinileromane.ro\/mentenanta\/#primaryimage"},"image":{"@id":"https:\/\/gradinileromane.ro\/mentenanta\/#primaryimage"},"thumbnailUrl":"https:\/\/gradinileromane.ro\/new\/wp-content\/uploads\/logo.svg","datePublished":"2023-11-30T17:39:04+00:00","dateModified":"2023-11-30T17:40:43+00:00","breadcrumb":{"@id":"https:\/\/gradinileromane.ro\/mentenanta\/#breadcrumb"},"inLanguage":"en","potentialAction":[{"@type":"ReadAction","target":["https:\/\/gradinileromane.ro\/mentenanta\/"]}]},{"@type":"ImageObject","inLanguage":"en","@id":"https:\/\/gradinileromane.ro\/mentenanta\/#primaryimage","url":"https:\/\/gradinileromane.ro\/new\/wp-content\/uploads\/logo.svg","contentUrl":"https:\/\/gradinileromane.ro\/new\/wp-content\/uploads\/logo.svg"},{"@type":"BreadcrumbList","@id":"https:\/\/gradinileromane.ro\/mentenanta\/#breadcrumb","itemListElement":[{"@type":"ListItem","position":1,"name":"Prima pagin\u0103","item":"https:\/\/gradinileromane.ro\/"},{"@type":"ListItem","position":2,"name":"Mentenan\u021b\u0103"}]},{"@type":"WebSite","@id":"https:\/\/gradinileromane.ro\/#website","url":"https:\/\/gradinileromane.ro\/","name":"Gr\u0103dinile Romane","description":"Locul unde relaxarea devine art\u0103","potentialAction":[{"@type":"SearchAction","target":{"@type":"EntryPoint","urlTemplate":"https:\/\/gradinileromane.ro\/?s={search_term_string}"},"query-input":{"@type":"PropertyValueSpecification","valueRequired":true,"valueName":"search_term_string"}}],"inLanguage":"en"}]}},"_links":{"self":[{"href":"https:\/\/gradinileromane.ro\/en\/wp-json\/wp\/v2\/pages\/6","targetHints":{"allow":["GET"]}}],"collection":[{"href":"https:\/\/gradinileromane.ro\/en\/wp-json\/wp\/v2\/pages"}],"about":[{"href":"https:\/\/gradinileromane.ro\/en\/wp-json\/wp\/v2\/types\/page"}],"author":[{"embeddable":true,"href":"https:\/\/gradinileromane.ro\/en\/wp-json\/wp\/v2\/users\/1"}],"replies":[{"embeddable":true,"href":"https:\/\/gradinileromane.ro\/en\/wp-json\/wp\/v2\/comments?post=6"}],"version-history":[{"count":0,"href":"https:\/\/gradinileromane.ro\/en\/wp-json\/wp\/v2\/pages\/6\/revisions"}],"wp:attachment":[{"href":"https:\/\/gradinileromane.ro\/en\/wp-json\/wp\/v2\/media?parent=6"}],"curies":[{"name":"wp","href":"https:\/\/api.w.org\/{rel}","templated":true}]}}